{"id":3715,"date":"2025-03-01T23:36:17","date_gmt":"2025-03-01T22:36:17","guid":{"rendered":"https:\/\/www.orthodoxie.at\/gemeinde\/?page_id=3715"},"modified":"2025-12-13T14:59:07","modified_gmt":"2025-12-13T13:59:07","slug":"qr","status":"publish","type":"page","link":"https:\/\/www.orthodoxie.at\/gemeinde\/qr","title":{"rendered":"QR-Code f\u00fcr Online-Spende"},"content":{"rendered":"<p><a href=\"https:\/\/www.orthodoxie.at\/gemeinde\/wp-content\/uploads\/2025\/12\/QR-Bankverbindung-202512.png\"><img loading=\"lazy\" decoding=\"async\" class=\"alignleft size-medium wp-image-4318\" src=\"https:\/\/www.orthodoxie.at\/gemeinde\/wp-content\/uploads\/2025\/12\/QR-Bankverbindung-202512-300x300.png\" alt=\"\" width=\"300\" height=\"300\" title=\"\" srcset=\"https:\/\/www.orthodoxie.at\/gemeinde\/wp-content\/uploads\/2025\/12\/QR-Bankverbindung-202512-300x300.png 300w, https:\/\/www.orthodoxie.at\/gemeinde\/wp-content\/uploads\/2025\/12\/QR-Bankverbindung-202512-150x150.png 150w, https:\/\/www.orthodoxie.at\/gemeinde\/wp-content\/uploads\/2025\/12\/QR-Bankverbindung-202512.png 312w\" sizes=\"auto, (max-width: 300px) 100vw, 300px\" \/><\/a>Wenn Sie die Arbeit unserer Gemeinde unterst\u00fctzen m\u00f6chten, k\u00f6nnen Sie diesen QR-Code in Online-Banking-Apps verwenden, um rasch die Kontodaten unserer Bankverbindung einzusetzen.<\/p>\n<p>Empf\u00e4ngerin: <strong>Kirchengemeinde des Hl. Johannes Chrysostomos in Wien<\/strong><br \/>\nIBAN:\u00a0<strong>AT62 3200 0000 1279 1521<br \/>\n<\/strong>BIC:\u00a0<strong>RLNWATWW<\/strong><\/p>\n<p>Wir danken f\u00fcr Ihre Unterst\u00fctzung!<\/p>\n","protected":false},"excerpt":{"rendered":"<p>Wenn Sie die Arbeit unserer Gemeinde unterst\u00fctzen m\u00f6chten, k\u00f6nnen Sie diesen QR-Code in Online-Banking-Apps verwenden, um rasch die Kontodaten unserer Bankverbindung einzusetzen. Empf\u00e4ngerin: Kirchengemeinde des Hl. Johannes Chrysostomos in Wien IBAN:\u00a0AT62 3200 0000 1279 1521 BIC:\u00a0RLNWATWW Wir danken f\u00fcr Ihre Unterst\u00fctzung!<\/p>\n","protected":false},"author":2,"featured_media":0,"parent":0,"menu_order":0,"comment_status":"closed","ping_status":"closed","template":"","meta":{"_crdt_document":"","generate_page_header":"","footnotes":""},"class_list":["post-3715","page","type-page","status-publish"],"amp_enabled":true,"_links":{"self":[{"href":"https:\/\/www.orthodoxie.at\/gemeinde\/wp-json\/wp\/v2\/pages\/3715","targetHints":{"allow":["GET"]}}],"collection":[{"href":"https:\/\/www.orthodoxie.at\/gemeinde\/wp-json\/wp\/v2\/pages"}],"about":[{"href":"https:\/\/www.orthodoxie.at\/gemeinde\/wp-json\/wp\/v2\/types\/page"}],"author":[{"embeddable":true,"href":"https:\/\/www.orthodoxie.at\/gemeinde\/wp-json\/wp\/v2\/users\/2"}],"replies":[{"embeddable":true,"href":"https:\/\/www.orthodoxie.at\/gemeinde\/wp-json\/wp\/v2\/comments?post=3715"}],"version-history":[{"count":10,"href":"https:\/\/www.orthodoxie.at\/gemeinde\/wp-json\/wp\/v2\/pages\/3715\/revisions"}],"predecessor-version":[{"id":4319,"href":"https:\/\/www.orthodoxie.at\/gemeinde\/wp-json\/wp\/v2\/pages\/3715\/revisions\/4319"}],"wp:attachment":[{"href":"https:\/\/www.orthodoxie.at\/gemeinde\/wp-json\/wp\/v2\/media?parent=3715"}],"curies":[{"name":"wp","href":"https:\/\/api.w.org\/{rel}","templated":true}]}}