{"id":1682,"date":"2020-11-09T19:55:40","date_gmt":"2020-11-09T18:55:40","guid":{"rendered":"https:\/\/www.orthodoxie.at\/gemeinde\/?page_id=1682"},"modified":"2020-11-09T20:56:18","modified_gmt":"2020-11-09T19:56:18","slug":"arsenios","status":"publish","type":"page","link":"https:\/\/www.orthodoxie.at\/gemeinde\/kapelle\/synaxarion\/arsenios","title":{"rendered":"Der heilige Arsenios"},"content":{"rendered":"<p style=\"text-align: right;\">\u2026 \\\u00a0<a href=\"https:\/\/www.orthodoxie.at\/gemeinde\/kapelle\">Kapelle<\/a>\u00a0\\\u00a0<a href=\"https:\/\/www.orthodoxie.at\/gemeinde\/kapelle\/synaxarion\">Synaxarion<\/a><\/p>\n<p><img loading=\"lazy\" decoding=\"async\" class=\"alignleft size-full wp-image-1690\" src=\"https:\/\/www.orthodoxie.at\/gemeinde\/wp-content\/uploads\/2020\/11\/WEB-ArseniosK.fw_.png\" alt=\"\" width=\"340\" height=\"1200\" title=\"\" srcset=\"https:\/\/www.orthodoxie.at\/gemeinde\/wp-content\/uploads\/2020\/11\/WEB-ArseniosK.fw_.png 340w, https:\/\/www.orthodoxie.at\/gemeinde\/wp-content\/uploads\/2020\/11\/WEB-ArseniosK.fw_-85x300.png 85w\" sizes=\"auto, (max-width: 340px) 100vw, 340px\" \/><strong>Gedenktag:<\/strong> 10. November<\/p>\n<p><strong>Apolytikion:<\/strong><\/p>\n<p>Das Leben der Heiligen nachahmend, wurdest Du in j\u00fcngster Zeit von den Gaben des g\u00f6ttlichen Geistes erf\u00fcllt und ein K\u00fcnder der Wunder, du durch dich selbst zum Gotttragenden Gewordener: Vermittle einem jeden die Wohltaten Gottes durch deine F\u00fcrbitten beim Herrn.<\/p>\n<p>\u1f2e\u03c7\u03bf\u03c2 \u03c0\u03bb. \u03b1\u2019. \u03a4\u1f78\u03bd \u03c3\u03c5\u03bd\u03ac\u03bd\u03b1\u03c1\u03c7\u03bf\u03bd \u039b\u03cc\u03b3\u03bf\u03bd.<br \/>\n\u03a4\u1ff6\u03bd \u1f49\u03c3\u03af\u03c9\u03bd \u03c4\u1f78\u03bd \u03b2\u03af\u03bf\u03bd \u1f10\u03ba\u03bc\u03b9\u03bc\u03b7\u03c3\u03ac\u03bc\u03b5\u03bd\u03bf\u03c2, \u1f10\u03bd \u1f10\u03c3\u03c7\u03ac\u03c4\u03bf\u03b9\u03c2 \u03c4\u03bf\u1f76\u03c2 \u03c7\u03c1\u03cc\u03bd\u03bf\u03b9\u03c2, \u03a0\u03ac\u03c4\u03b5\u03c1 \u1f08\u03c1\u03c3\u03ad\u03bd\u03b9\u03b5, \u1f10\u03c0\u03bb\u03b7\u03c1\u03ce\u03b8\u03b7\u03c2 \u03b4\u03c9\u03c1\u03b5\u1ff6\u03bd \u03c4\u03bf\u1fe6 \u03b8\u03b5\u03af\u03bf\u03c5 \u03a0\u03bd\u03b5\u03cd\u03bc\u03b1\u03c4\u03bf\u03c2, \u03ba\u03b1\u1f76 \u03b8\u03b1\u03c5\u03bc\u03ac\u03c4\u03c9\u03bd \u03b3\u03b5\u03b3\u03bf\u03bd\u03cc\u03c2, \u03b8\u03b5\u03bf\u03c6\u03cc\u03c1\u03b5 \u03b1\u1f50\u03c4\u03bf\u03c5\u03c1\u03b3\u03cc\u03c2, \u03c0\u03b1\u03c1\u03ad\u03c7\u03b5\u03b9\u03c2 \u1f10\u03bd\u1f76 \u1f10\u03ba\u03ac\u03c3\u03c4\u03c9, \u03c4\u1fb6\u03c2 \u1f10\u03ba \u0398\u03b5\u03bf\u1fe6 \u03c7\u03bf\u03c1\u03b7\u03b3\u03af\u03b1\u03c2, \u03c4\u03b1\u1f76\u03c2 \u1f30\u03ba\u03b5\u03c3\u03af\u03b1\u03b9\u03c2 \u03c3\u03bf\u03c5 \u03c0\u03c1\u1f78\u03c2 \u039a\u03cd\u03c1\u03b9\u03bf\u03bd.<\/p>\n<p>Ein weiteres Apolytikion<\/p>\n<p>Ein gotterf\u00fclltes Leben hast Du gef\u00fchrt, als kostbares Gef\u00e4\u00df des Parakleten hast du dich erwiesen, gotttragender Arsenios, und die Gnade der Wunder hast Du zum Vorschein gebracht, allen gew\u00e4hrst du rasche Hilfe: o heiliger Vater, bitte Christus Gott, uns das gro\u00dfe Erbarmen zu schenken.<\/p>\n<p>\u1f1d\u03c4\u03b5\u03c1\u03bf\u03bd \u1f08\u03c0\u03bf\u03bb\u03c5\u03c4\u1f77\u03ba\u03b9\u03bf\u03bd<br \/>\n\u0389\u03c7\u03bf\u03c2 \u03b3&#8216;. \u0398\u03b5\u03af\u03b1\u03c2 \u03c0\u03af\u03c3\u03c4\u03b5\u03c9\u03c2.<br \/>\n\u0392\u03af\u03bf\u03bd \u03ad\u03bd\u03b8\u03b5\u03bf\u03bd, \u03ba\u03b1\u03bb\u03ce\u03c2 \u03b1\u03bd\u03cd\u03c3\u03b1\u03c2, \u03c3\u03ba\u03b5\u03cd\u03bf\u03c2 \u03c4\u03af\u03bc\u03b9\u03bf\u03bd \u03c4\u03bf\u03c5 \u03a0\u03b1\u03c1\u03b1\u03ba\u03bb\u03ae\u03c4\u03bf\u03c5, \u0391\u03bd\u03b5\u03b4\u03b5\u03af\u03c7\u03b8\u03b7\u03c2 \u03b8\u03b5\u03bf\u03c6\u03cc\u03c1\u03b5 \u0391\u03c1\u03c3\u03ad\u03bd\u03b9\u03b5, \u03ba\u03b1\u03b9 \u03c4\u03c9\u03bd \u03b8\u03b1\u03c5\u03bc\u03ac\u03c4\u03c9\u03bd \u03c4\u03b7\u03bd \u03c7\u03ac\u03c1\u03b9\u03bd \u03b4\u03b5\u03be\u03ac\u03bc\u03b5\u03bd\u03bf\u03c2, \u03c0\u03ac\u03c3\u03b9 \u03c0\u03b1\u03c1\u03ad\u03c7\u03b5\u03b9\u03c2 \u03c4\u03b1\u03c7\u03b5\u03af\u03b1\u03bd \u03b2\u03bf\u03ae\u03b8\u03b5\u03b9\u03b1\u03bd, \u03a0\u03ac\u03c4\u03b5\u03c1 \u2019\u039f\u03c3\u03b9\u03b5 \u03a7\u03c1\u03b9\u03c3\u03c4\u03cc\u03bd \u03c4\u03bf\u03bd \u0398\u03b5\u03cc\u03bd \u03b9\u03ba\u03ad\u03c4\u03b5\u03c5\u03b5, \u03b4\u03c9\u03c1\u03ae\u03c3\u03b1\u03c3\u03b8\u03b1\u03b9 \u03b7\u03bc\u03af\u03bd \u03c4\u03bf \u03bc\u03ad\u03b3\u03b1 \u03ad\u03bb\u03b5\u03bf\u03c2.<\/p>\n<p><strong>Vita:<\/strong><\/p>\n<p>Der heilige Arsenios wurde um 1840 in Farasa, einem Dorf s\u00fcdlich von C\u00e4sarea (Kayseri) in Kappadokien geboren und wurde von seinen Eltern auf den Namen Theodoros getauft. Mit rund 26 Jahren empfing er im Kloster des Heiligen Vorl\u00e4ufers von Flaviana (Zincidere) die M\u00f6nchsweihe und nahm den Namen Arsenios an. Von Metropolit Paisios II emofing er zun\u00e4chst die Diakonsweihe und wurde nach Farasa geschickt, um den Kindern des Dorfes ein Lehrer zu sein. Mit 30 Jahren empfing er in C\u00e4sarea die Priesterweihe und wurde Archimandrit und mit dem Dienst des geistlichen Vaters betraut.<\/p>\n<p>Mit gro\u00dfer Demut diente er in seinem Heimatdorf und wurde zum sichtbaren Zeichen der g\u00f6ttlichen Gnade. Wenn er f\u00fcr einen konkreten Anlass im Euchologion kein geeignetes Gebet fand, verwendete er einen passenden Psalm und las in ernsten F\u00e4llen das heilige Evangelium. Durch sein Wirken wurden viele geheilt, und Arsenios half den zu ihm kommenden Menschen ohne Unterschied: Er fragte nicht, wer Grieche und wer T\u00fcrke, wer Christ und wer Moslem war, denn in allen erkannte er Gottes vielgeliebte Gesch\u00f6pfe. Geld nahm er niemals an und pr\u00e4gte den Ausspruch: &#8222;Unser Glaube ist nicht verk\u00e4uflich.&#8220;<\/p>\n<p>Er lebte in der Welt und trachtete als M\u00f6nch gleichzeitig danach, die Dinge der Welt sein Leben nicht bestimmen zu lassen: Mittwochs und freitags schloss er sich in seinem Kellion ein, fastete, wachte und betete.<\/p>\n<p>Als die Griechen Kleinasien verlassen mussten und am 14. August 1924 der Ausweisungsbefehl kam, organisierte er den Abzug der Bewohner seines Heimatdorfes. Am 10. November 1924 entschlief der Heilige auf der Insel Korfu.<\/p>\n<p>Im Jahr 1958 sorgte Paisios Agioreitis f\u00fcr die \u00dcberf\u00fchrung der Gebeine des heiligen Arsenios zun\u00e4chst nach Konitsa und 1970 ins Kloster des Heiligen Johannes des Theologen in Surot\u00ed bei Thessaloniki. Die Orthodoxe Kirche kanonisierte den Heiligen am 11. Februar 1986.<\/p>\n<p>&nbsp;<\/p>\n<p>&nbsp;<\/p>\n","protected":false},"excerpt":{"rendered":"<p>\u2026 \\\u00a0Kapelle\u00a0\\\u00a0Synaxarion Gedenktag: 10. November Apolytikion: Das Leben der Heiligen nachahmend, wurdest Du in j\u00fcngster Zeit von den Gaben des g\u00f6ttlichen Geistes erf\u00fcllt und ein K\u00fcnder der Wunder, du durch dich selbst zum Gotttragenden Gewordener: Vermittle einem jeden die Wohltaten Gottes durch deine F\u00fcrbitten beim Herrn. \u1f2e\u03c7\u03bf\u03c2 \u03c0\u03bb. \u03b1\u2019. \u03a4\u1f78\u03bd \u03c3\u03c5\u03bd\u03ac\u03bd\u03b1\u03c1\u03c7\u03bf\u03bd \u039b\u03cc\u03b3\u03bf\u03bd. \u03a4\u1ff6\u03bd \u1f49\u03c3\u03af\u03c9\u03bd \u03c4\u1f78\u03bd &#8230; <\/p>\n<p class=\"read-more-container\"><a title=\"Der heilige Arsenios\" class=\"read-more button\" href=\"https:\/\/www.orthodoxie.at\/gemeinde\/kapelle\/synaxarion\/arsenios#more-1682\" aria-label=\"Mehr Informationen \u00fcber Der heilige Arsenios\">Weiterlesen &#8230;<\/a><\/p>\n","protected":false},"author":2,"featured_media":0,"parent":1309,"menu_order":0,"comment_status":"closed","ping_status":"closed","template":"","meta":{"_crdt_document":"","generate_page_header":"","footnotes":""},"class_list":["post-1682","page","type-page","status-publish"],"amp_enabled":true,"_links":{"self":[{"href":"https:\/\/www.orthodoxie.at\/gemeinde\/wp-json\/wp\/v2\/pages\/1682","targetHints":{"allow":["GET"]}}],"collection":[{"href":"https:\/\/www.orthodoxie.at\/gemeinde\/wp-json\/wp\/v2\/pages"}],"about":[{"href":"https:\/\/www.orthodoxie.at\/gemeinde\/wp-json\/wp\/v2\/types\/page"}],"author":[{"embeddable":true,"href":"https:\/\/www.orthodoxie.at\/gemeinde\/wp-json\/wp\/v2\/users\/2"}],"replies":[{"embeddable":true,"href":"https:\/\/www.orthodoxie.at\/gemeinde\/wp-json\/wp\/v2\/comments?post=1682"}],"version-history":[{"count":6,"href":"https:\/\/www.orthodoxie.at\/gemeinde\/wp-json\/wp\/v2\/pages\/1682\/revisions"}],"predecessor-version":[{"id":1691,"href":"https:\/\/www.orthodoxie.at\/gemeinde\/wp-json\/wp\/v2\/pages\/1682\/revisions\/1691"}],"up":[{"embeddable":true,"href":"https:\/\/www.orthodoxie.at\/gemeinde\/wp-json\/wp\/v2\/pages\/1309"}],"wp:attachment":[{"href":"https:\/\/www.orthodoxie.at\/gemeinde\/wp-json\/wp\/v2\/media?parent=1682"}],"curies":[{"name":"wp","href":"https:\/\/api.w.org\/{rel}","templated":true}]}}