{"id":1535,"date":"2020-08-27T21:22:45","date_gmt":"2020-08-27T19:22:45","guid":{"rendered":"https:\/\/www.orthodoxie.at\/gemeinde\/?page_id=1535"},"modified":"2020-08-27T22:32:16","modified_gmt":"2020-08-27T20:32:16","slug":"fanourios","status":"publish","type":"page","link":"https:\/\/www.orthodoxie.at\/gemeinde\/kapelle\/synaxarion\/fanourios","title":{"rendered":"Der heilige Fanourios"},"content":{"rendered":"<p><img loading=\"lazy\" decoding=\"async\" class=\"alignleft size-full wp-image-1534\" src=\"https:\/\/www.orthodoxie.at\/gemeinde\/wp-content\/uploads\/2020\/08\/WEB-Fanourios.fw_.png\" alt=\"Kapelle Ikonographie\" width=\"470\" height=\"1200\" title=\"\" srcset=\"https:\/\/www.orthodoxie.at\/gemeinde\/wp-content\/uploads\/2020\/08\/WEB-Fanourios.fw_.png 470w, https:\/\/www.orthodoxie.at\/gemeinde\/wp-content\/uploads\/2020\/08\/WEB-Fanourios.fw_-118x300.png 118w\" sizes=\"auto, (max-width: 470px) 100vw, 470px\" \/><\/p>\n<p style=\"text-align: right;\">\u2026 \\\u00a0<a href=\"https:\/\/www.orthodoxie.at\/gemeinde\/kapelle\">Kapelle<\/a>\u00a0\\\u00a0<a href=\"https:\/\/www.orthodoxie.at\/gemeinde\/kapelle\/synaxarion\">Synaxarion<\/a><\/p>\n<h2>Gro\u00dfm\u00e4rtyrer und Wundert\u00e4ter<\/h2>\n<p><strong>Gedenktag:<\/strong> 27. August<\/p>\n<p><strong>Apolytikion:<\/strong><\/p>\n<p>Einen deinem Wesen entsprechenden Namen tragend erschienst du, von Rhodos stammender Fanourios, und als Stern erleuchtest du immer der Kirche Pleroma. Die Kenntnis der verborgenen Dinge machst du bekannt, die schlimmen Krankheiten vertreibst du und stehst den voll Glauben Rufenden als schnellste Hilfe bei: Ehre Christus, Der dich verherrlicht, Ehre Ihm, Der dich bekannt gemacht, Ehre Ihm, Der durch dich gr\u00f6\u00dfte Wunder wirkt.<\/p>\n<p><span class=\"LeitType\">\u1f2e\u03c7\u03bf\u03c2 \u03b1\u0384. \u03a4\u1fc6\u03c2 \u1f10\u03c1\u03ae\u03bc\u03bf\u03c5 \u03c0\u03bf\u03bb\u03af\u03c4\u03b7\u03c2.<\/span><br \/>\n\u03a6\u03b5\u03c1\u03c9\u03bd\u03cd\u03bc\u03c9\u03c2 \u1f10\u03ba\u03bb\u03ac\u03bc\u03c8\u03b1\u03c2, \u1f10\u03ba \u03c4\u1fc6\u03c2 \u1fec\u03cc\u03b4\u03bf\u03c5 \u03a6\u03b1\u03bd\u03bf\u03cd\u03c1\u03b9\u03b5, \u1f61\u03c2 \u03c6\u03c9\u03c3\u03c4\u1f74\u03c1 \u1f00\u03b5\u1f76 \u03ba\u03b1\u03c4\u03b1\u03c5\u03b3\u03ac\u03b6\u03b5\u03b9\u03c2, \u1f18\u03ba\u03ba\u03bb\u03b7\u03c3\u03af\u03b1\u03c2 \u03c4\u1f78 \u03c0\u03bb\u03ae\u03c1\u03c9\u03bc\u03b1\u00b7 \u03c4\u1f74\u03bd \u03b3\u03bd\u1ff6\u03c3\u03b9\u03bd \u03c6\u03b1\u03bd\u03b5\u03c1\u03bf\u1fd6\u03c2 \u03b3\u1f70\u03c1 \u03c4\u1ff6\u03bd \u03ba\u03c1\u03c5\u03c0\u03c4\u1ff6\u03bd, \u03bd\u03bf\u03c3\u03ae\u03bc\u03b1\u03c4\u03b1 \u03b4\u03b9\u03ce\u03ba\u03b5\u03b9\u03c2 \u03c7\u03b1\u03bb\u03b5\u03c0\u03ac, \u03ba\u03b1\u1f76 \u03c0\u03b1\u03c1\u03af\u03c3\u03c4\u03b1\u03c3\u03b1\u03b9 \u03c4\u03b1\u03c7\u03cd\u03c4\u03b1\u03c4\u03bf\u03c2 \u03b2\u03bf\u03b7\u03b8\u03cc\u03c2, \u03c4\u1ff6\u03bd \u03c0\u03af\u03c3\u03c4\u03b5\u03b9 \u1f00\u03bd\u03b1\u03b2\u03bf\u03ce\u03bd\u03c4\u03c9\u03bd\u00b7 \u0394\u03cc\u03be\u03b1 \u03c4\u1ff7 \u03c3\u1f72 \u03b4\u03bf\u03be\u03ac\u03c3\u03b1\u03bd\u03c4\u03b9 \u03a7\u03c1\u03b9\u03c3\u03c4\u1ff7, \u03b4\u03cc\u03be\u03b1 \u03c4\u1ff7 \u03c3\u1f72 \u03c6\u03b1\u03bd\u03b5\u03c1\u03ce\u03c3\u03b1\u03bd\u03c4\u03b9, \u03b4\u03cc\u03be\u03b1 \u03c4\u1ff7 \u1f10\u03bd\u03b5\u03c1\u03b3\u03bf\u1fe6\u03bd\u03c4\u03b9 \u03b4\u03b9\u1f70 \u03c3\u03bf\u1fe6, \u03bc\u03ad\u03b3\u03b9\u03c3\u03c4\u03b1 \u03b8\u03b1\u03cd\u03bc\u03b1\u03c4\u03b1.<\/p>\n<p><strong>Vita:<\/strong><\/p>\n<p>Der Heilige kann als echtes Geschenk Gottes verstanden werden. Denn er galt eine Zeitlang als unbekannt, wurde dann aber als ein Heiliger der fr\u00fchen Kirche auf wunderbare Weise im 14. Jahrhundert wiederentdeckt:<\/p>\n<p>In der Zeit des Metropoliten von Rhodos Neilos II. (1355-1369) wurden in Rhodos Grabungen an der S\u00fcdwand der Stadtmauer durchgef\u00fchrt, bei denen man eine fr\u00fchchristliche Kirche freilegte. Man fand dort auch mehrere zerst\u00f6rte Ikonen. Eine Ikone aber war so gut wie unversehrt: Die des heiligen Fanourios. Die Ikone zeigte einen Heiligen in Gew\u00e4ndern eines jungen Soldaten, der in der Rechten ein Kreuz trug, \u00fcber dem das Licht einer Kerze brannte. Rund um die Abbildung des Heiligen waren seine zw\u00f6lf Martyrien dargestellt, die ihn als gro\u00dfen Glaubenszeugen und M\u00e4rtyrer auswiesen.<\/p>\n<p>Die Kirche wurde instand gesetzt und dem Heiligen geweiht, der fortan als F\u00fcrsprecher angerufen wurde. F\u00fcr viele Wohltaten dankbar, die auf seine F\u00fcrsprache hin geschehen sind, hat sich im Lauf der Zeit in der griechischen Welt der Brauch entwickelt, an seinem Festtag eigens einen Kuchen zu backen, um Bitte und Dank zum Ausdruck zu bringen. Dieser Fanouropita genannte Kuchen wird am 27. August am Ende der Festtagsliturgie gesegnet und verteilt.<\/p>\n<p>&nbsp;<\/p>\n","protected":false},"excerpt":{"rendered":"<p>\u2026 \\\u00a0Kapelle\u00a0\\\u00a0Synaxarion Gro\u00dfm\u00e4rtyrer und Wundert\u00e4ter Gedenktag: 27. August Apolytikion: Einen deinem Wesen entsprechenden Namen tragend erschienst du, von Rhodos stammender Fanourios, und als Stern erleuchtest du immer der Kirche Pleroma. Die Kenntnis der verborgenen Dinge machst du bekannt, die schlimmen Krankheiten vertreibst du und stehst den voll Glauben Rufenden als schnellste Hilfe bei: Ehre Christus, &#8230; <\/p>\n<p class=\"read-more-container\"><a title=\"Der heilige Fanourios\" class=\"read-more button\" href=\"https:\/\/www.orthodoxie.at\/gemeinde\/kapelle\/synaxarion\/fanourios#more-1535\" aria-label=\"Mehr Informationen \u00fcber Der heilige Fanourios\">Weiterlesen &#8230;<\/a><\/p>\n","protected":false},"author":2,"featured_media":0,"parent":1309,"menu_order":0,"comment_status":"closed","ping_status":"closed","template":"","meta":{"_crdt_document":"","generate_page_header":"","footnotes":""},"class_list":["post-1535","page","type-page","status-publish"],"amp_enabled":true,"_links":{"self":[{"href":"https:\/\/www.orthodoxie.at\/gemeinde\/wp-json\/wp\/v2\/pages\/1535","targetHints":{"allow":["GET"]}}],"collection":[{"href":"https:\/\/www.orthodoxie.at\/gemeinde\/wp-json\/wp\/v2\/pages"}],"about":[{"href":"https:\/\/www.orthodoxie.at\/gemeinde\/wp-json\/wp\/v2\/types\/page"}],"author":[{"embeddable":true,"href":"https:\/\/www.orthodoxie.at\/gemeinde\/wp-json\/wp\/v2\/users\/2"}],"replies":[{"embeddable":true,"href":"https:\/\/www.orthodoxie.at\/gemeinde\/wp-json\/wp\/v2\/comments?post=1535"}],"version-history":[{"count":6,"href":"https:\/\/www.orthodoxie.at\/gemeinde\/wp-json\/wp\/v2\/pages\/1535\/revisions"}],"predecessor-version":[{"id":1544,"href":"https:\/\/www.orthodoxie.at\/gemeinde\/wp-json\/wp\/v2\/pages\/1535\/revisions\/1544"}],"up":[{"embeddable":true,"href":"https:\/\/www.orthodoxie.at\/gemeinde\/wp-json\/wp\/v2\/pages\/1309"}],"wp:attachment":[{"href":"https:\/\/www.orthodoxie.at\/gemeinde\/wp-json\/wp\/v2\/media?parent=1535"}],"curies":[{"name":"wp","href":"https:\/\/api.w.org\/{rel}","templated":true}]}}