{"id":1504,"date":"2020-08-25T17:30:56","date_gmt":"2020-08-25T15:30:56","guid":{"rendered":"https:\/\/www.orthodoxie.at\/gemeinde\/?page_id=1504"},"modified":"2020-08-25T18:04:50","modified_gmt":"2020-08-25T16:04:50","slug":"dimitrios","status":"publish","type":"page","link":"https:\/\/www.orthodoxie.at\/gemeinde\/kapelle\/synaxarion\/dimitrios","title":{"rendered":"Der heilige Dimitrios"},"content":{"rendered":"<p style=\"text-align: right;\"><a href=\"https:\/\/www.orthodoxie.at\/gemeinde\/wp-content\/uploads\/2020\/08\/WEB-Dimitrios.fw_.png\"><img loading=\"lazy\" decoding=\"async\" class=\"alignleft size-full wp-image-1506\" src=\"https:\/\/www.orthodoxie.at\/gemeinde\/wp-content\/uploads\/2020\/08\/WEB-Dimitrios.fw_.png\" alt=\"Kapelle Ikonographie\" width=\"534\" height=\"1193\" title=\"\"><\/a>\u2026 \\\u00a0<a href=\"https:\/\/www.orthodoxie.at\/gemeinde\/kapelle\">Kapelle<\/a>\u00a0\\\u00a0<a href=\"https:\/\/www.orthodoxie.at\/gemeinde\/kapelle\/synaxarion\">Synaxarion<\/a><\/p>\n<h2>der Gro\u00dfm\u00e4rtyrer, der Salb\u00f6lblutende<\/h2>\n<p><strong>Gedenktag:<\/strong> 26. Oktober<\/p>\n<p><strong>Apolytikion:<\/strong><\/p>\n<p>Einen gro\u00dfen Verteidiger in Gefahren hat in dir gefunden der Erdkreis, Sieggekr\u00f6nter, der in die Flucht schl\u00e4gt die Heiden. Wie du zuschanden gemacht hast des Ly\u00e4os Anma\u00dfung, da du st\u00e4rktest im Stadion den Nestor, so bitte, heiliger Gro\u00dfm\u00e4rtyrer Dimitrios, Christus Gott, dass uns das gro\u00dfe Erbarmen geschenkt werde.<\/p>\n<p><span class=\"LeitType\">\u1f2e\u03c7\u03bf\u03c2 \u03b3\u2019.<\/span><br \/>\n\u039c\u03ad\u03b3\u03b1\u03bd \u03b5\u1f55\u03c1\u03b1\u03c4\u03bf \u1f10v \u03c4\u03bf\u1fd6\u03c2 \u03ba\u03b9v\u03b4\u03cdv\u03bf\u03b9\u03c2, \u03c3\u1f72 \u1f51\u03c0\u03ad\u03c1\u03bc\u03b1\u03c7\u03bfv, \u1f21 \u03bf\u1f30\u03ba\u03bf\u03c5\u03bc\u03ad\u03bd\u03b7, \u1f08\u03b8\u03bb\u03bf\u03c6\u03cc\u03c1\u03b5 \u03c4\u1f70 \u1f14\u03b8\u03bd\u03b7 \u03c4\u03c1\u03bf\u03c0\u03bf\u03cd\u03bc\u03b5\u03bd\u03bf\u03bd. \u1f69\u03c2 \u03bf\u1f56\u03bd \u039b\u03c5\u03b1\u03af\u03bf\u03c5 \u03ba\u03b1\u03b8\u03b5\u1fd6\u03bb\u03b5\u03c2 \u03c4\u1f74\u03bd \u1f14\u03c0\u03b1\u03c1\u03c3\u03b9\u03bd, \u1f10\u03bd \u03c4\u1ff7 \u03c3\u03c4\u03b1\u03b4\u03af\u1ff3 \u03b8\u03b1\u1fe4\u1fe5\u03cdv\u03b1\u03c2 \u03c4\u1f78\u03bd \u039d\u03ad\u03c3\u03c4\u03bf\u03c1\u03b1, \u03bf\u1f55\u03c4\u03c9\u03c2 \u1f0d\u03b3\u03b9\u03b5, \u039c\u03b5\u03b3\u03b1\u03bb\u03bf\u03bc\u03ac\u03c1\u03c4\u03c5\u03c2 \u0394\u03b7\u03bc\u03ae\u03c4\u03c1\u03b9\u03b5, \u03a7\u03c1\u03b9\u03c3\u03c4\u1f78\u03bd \u03c4\u1f78\u03bd \u0398\u03b5\u1f78\u03bd \u1f31\u03ba\u03ad\u03c4\u03b5\u03c5\u03b5, \u03b4\u03c9\u03c1\u03ae\u03c3\u03b1\u03c3\u03b8\u03b1\u03b9 \u1f21\u03bc\u1fd6\u03bd \u03c4\u1f78 \u03bc\u03ad\u03b3\u03b1 \u1f14\u03bb\u03b5\u03bf\u03c2.<\/p>\n<p><strong>Vita:<\/strong><\/p>\n<p>in Bearbeitung:<\/p>\n","protected":false},"excerpt":{"rendered":"<p>\u2026 \\\u00a0Kapelle\u00a0\\\u00a0Synaxarion der Gro\u00dfm\u00e4rtyrer, der Salb\u00f6lblutende Gedenktag: 26. Oktober Apolytikion: Einen gro\u00dfen Verteidiger in Gefahren hat in dir gefunden der Erdkreis, Sieggekr\u00f6nter, der in die Flucht schl\u00e4gt die Heiden. Wie du zuschanden gemacht hast des Ly\u00e4os Anma\u00dfung, da du st\u00e4rktest im Stadion den Nestor, so bitte, heiliger Gro\u00dfm\u00e4rtyrer Dimitrios, Christus Gott, dass uns das gro\u00dfe &#8230; <\/p>\n<p class=\"read-more-container\"><a title=\"Der heilige Dimitrios\" class=\"read-more button\" href=\"https:\/\/www.orthodoxie.at\/gemeinde\/kapelle\/synaxarion\/dimitrios#more-1504\" aria-label=\"Mehr Informationen \u00fcber Der heilige Dimitrios\">Weiterlesen &#8230;<\/a><\/p>\n","protected":false},"author":2,"featured_media":0,"parent":1309,"menu_order":0,"comment_status":"closed","ping_status":"closed","template":"","meta":{"_crdt_document":"","generate_page_header":"","footnotes":""},"class_list":["post-1504","page","type-page","status-publish"],"amp_enabled":true,"_links":{"self":[{"href":"https:\/\/www.orthodoxie.at\/gemeinde\/wp-json\/wp\/v2\/pages\/1504","targetHints":{"allow":["GET"]}}],"collection":[{"href":"https:\/\/www.orthodoxie.at\/gemeinde\/wp-json\/wp\/v2\/pages"}],"about":[{"href":"https:\/\/www.orthodoxie.at\/gemeinde\/wp-json\/wp\/v2\/types\/page"}],"author":[{"embeddable":true,"href":"https:\/\/www.orthodoxie.at\/gemeinde\/wp-json\/wp\/v2\/users\/2"}],"replies":[{"embeddable":true,"href":"https:\/\/www.orthodoxie.at\/gemeinde\/wp-json\/wp\/v2\/comments?post=1504"}],"version-history":[{"count":4,"href":"https:\/\/www.orthodoxie.at\/gemeinde\/wp-json\/wp\/v2\/pages\/1504\/revisions"}],"predecessor-version":[{"id":1509,"href":"https:\/\/www.orthodoxie.at\/gemeinde\/wp-json\/wp\/v2\/pages\/1504\/revisions\/1509"}],"up":[{"embeddable":true,"href":"https:\/\/www.orthodoxie.at\/gemeinde\/wp-json\/wp\/v2\/pages\/1309"}],"wp:attachment":[{"href":"https:\/\/www.orthodoxie.at\/gemeinde\/wp-json\/wp\/v2\/media?parent=1504"}],"curies":[{"name":"wp","href":"https:\/\/api.w.org\/{rel}","templated":true}]}}