{"id":1490,"date":"2020-08-25T16:33:38","date_gmt":"2020-08-25T14:33:38","guid":{"rendered":"https:\/\/www.orthodoxie.at\/gemeinde\/?page_id=1490"},"modified":"2020-08-25T16:37:43","modified_gmt":"2020-08-25T14:37:43","slug":"dionysios","status":"publish","type":"page","link":"https:\/\/www.orthodoxie.at\/gemeinde\/kapelle\/synaxarion\/dionysios","title":{"rendered":"Der heilige Dionysios"},"content":{"rendered":"<p><a href=\"https:\/\/www.orthodoxie.at\/gemeinde\/wp-content\/uploads\/2020\/08\/WEB-Dionysios.fw_.png\"><img loading=\"lazy\" decoding=\"async\" class=\"alignleft size-full wp-image-1385\" src=\"https:\/\/www.orthodoxie.at\/gemeinde\/wp-content\/uploads\/2020\/08\/WEB-Dionysios.fw_.png\" alt=\"Kapelle Ikonographie\" width=\"350\" height=\"1200\" title=\"\"><\/a><\/p>\n<p style=\"text-align: right;\">\u2026 \\\u00a0<a href=\"https:\/\/www.orthodoxie.at\/gemeinde\/kapelle\">Kapelle<\/a>\u00a0\\\u00a0<a href=\"https:\/\/www.orthodoxie.at\/gemeinde\/kapelle\/synaxarion\">Synaxarion<\/a><\/p>\n<h2>Areopagitis, Bischof von Athen, M\u00e4rtyrer<\/h2>\n<p><strong>Gedenktag:<\/strong> 3. Oktober<\/p>\n<p><strong>Apolytikion:<\/strong><\/p>\n<p>In der G\u00fcte gr\u00fcndlich unterrichtet und besonnen in allem, bekleidet mit einem guten Gewissen wie es einem Heiligen geziemt, hast du aus dem Gef\u00e4\u00df der Erw\u00e4hlung Unsagbares gesch\u00f6pft und den Glauben bewahrt, den entsprechenden Weg hast du vollendet, heiliger M\u00e4rtyrerbischof Dionysos: Bitte Christus Gott, unsere Seelen zu erretten.<\/p>\n<p>\u1f2e\u03c7\u03bf\u03c2 \u03b4\u2019.<br \/>\n\u03a7\u03c1\u03b7\u03c3\u03c4\u03cc\u03c4\u03b7\u03c4\u03b1 \u1f10\u03ba\u03b4\u03b9\u03b4\u03b1\u03c7\u03b8\u03b5\u03af\u03c2, \u03ba\u03b1\u1f76 \u03bd\u03ae\u03c6\u03c9\u03bd \u1f10\u03bd \u03c0\u1fb6\u03c3\u03b9\u03bd, \u1f00\u03b3\u03b1\u03b8\u1f74\u03bd \u03c3\u03c5\u03bd\u03b5\u03af\u03b4\u03b7\u03c3\u03b9\u03bd \u1f31\u03b5\u03c1\u03bf\u03c0\u03c1\u03b5\u03c0\u1ff6\u03c2 \u1f10\u03bd\u03b4\u03c5\u03c3\u03ac\u03bc\u03b5\u03bd\u03bf\u03c2, \u1f24\u03bd\u03c4\u03bb\u03b7\u03c3\u03b1\u03c2 \u1f10\u03ba \u03c4\u03bf\u1fe6 \u03a3\u03ba\u03b5\u03cd\u03bf\u03c5\u03c2 \u03c4\u1fc6\u03c2 \u1f10\u03ba\u03bb\u03bf\u03b3\u1fc6\u03c2 \u03c4\u1f70 \u1f00\u03c0\u03cc\u1fe4\u1fe5\u03b7\u03c4\u03b1, \u03ba\u03b1\u1f76 \u03c4\u1f74\u03bd \u03c0\u03af\u03c3\u03c4\u03b9\u03bd \u03c4\u03b7\u03c1\u03ae\u03c3\u03b1\u03c2, \u03c4\u1f78\u03bd \u1f34\u03c3\u03bf\u03bd \u03b4\u03c1\u03cc\u03bc\u03bf\u03bd \u03c4\u03b5\u03c4\u03ad\u03bb\u03b5\u03ba\u03b1\u03c2, \u1f39\u03b5\u03c1\u03bf\u03bc\u03ac\u03c1\u03c4\u03c5\u03c2 \u0394\u03b9\u03bf\u03bd\u03cd\u03c3\u03b9\u03b5. \u03a0\u03c1\u03ad\u03c3\u03b2\u03b5\u03c5\u03b5 \u03a7\u03c1\u03b9\u03c3\u03c4\u1ff7 \u03c4\u1ff7 \u0398\u03b5\u1ff7, \u03c3\u03c9\u03b8\u1fc6\u03bd\u03b1\u03b9 \u03c4\u1f70\u03c2 \u03c8\u03c5\u03c7\u1f70\u03c2 \u1f21\u03bc\u1ff6\u03bd.<\/p>\n<p><strong>Vita:<\/strong><\/p>\n<p>in Bearbeitung<\/p>\n","protected":false},"excerpt":{"rendered":"<p>\u2026 \\\u00a0Kapelle\u00a0\\\u00a0Synaxarion Areopagitis, Bischof von Athen, M\u00e4rtyrer Gedenktag: 3. Oktober Apolytikion: In der G\u00fcte gr\u00fcndlich unterrichtet und besonnen in allem, bekleidet mit einem guten Gewissen wie es einem Heiligen geziemt, hast du aus dem Gef\u00e4\u00df der Erw\u00e4hlung Unsagbares gesch\u00f6pft und den Glauben bewahrt, den entsprechenden Weg hast du vollendet, heiliger M\u00e4rtyrerbischof Dionysos: Bitte Christus Gott, &#8230; <\/p>\n<p class=\"read-more-container\"><a title=\"Der heilige Dionysios\" class=\"read-more button\" href=\"https:\/\/www.orthodoxie.at\/gemeinde\/kapelle\/synaxarion\/dionysios#more-1490\" aria-label=\"Mehr Informationen \u00fcber Der heilige Dionysios\">Weiterlesen &#8230;<\/a><\/p>\n","protected":false},"author":2,"featured_media":0,"parent":1309,"menu_order":0,"comment_status":"closed","ping_status":"closed","template":"","meta":{"_crdt_document":"","generate_page_header":"","footnotes":""},"class_list":["post-1490","page","type-page","status-publish"],"amp_enabled":true,"_links":{"self":[{"href":"https:\/\/www.orthodoxie.at\/gemeinde\/wp-json\/wp\/v2\/pages\/1490","targetHints":{"allow":["GET"]}}],"collection":[{"href":"https:\/\/www.orthodoxie.at\/gemeinde\/wp-json\/wp\/v2\/pages"}],"about":[{"href":"https:\/\/www.orthodoxie.at\/gemeinde\/wp-json\/wp\/v2\/types\/page"}],"author":[{"embeddable":true,"href":"https:\/\/www.orthodoxie.at\/gemeinde\/wp-json\/wp\/v2\/users\/2"}],"replies":[{"embeddable":true,"href":"https:\/\/www.orthodoxie.at\/gemeinde\/wp-json\/wp\/v2\/comments?post=1490"}],"version-history":[{"count":3,"href":"https:\/\/www.orthodoxie.at\/gemeinde\/wp-json\/wp\/v2\/pages\/1490\/revisions"}],"predecessor-version":[{"id":1494,"href":"https:\/\/www.orthodoxie.at\/gemeinde\/wp-json\/wp\/v2\/pages\/1490\/revisions\/1494"}],"up":[{"embeddable":true,"href":"https:\/\/www.orthodoxie.at\/gemeinde\/wp-json\/wp\/v2\/pages\/1309"}],"wp:attachment":[{"href":"https:\/\/www.orthodoxie.at\/gemeinde\/wp-json\/wp\/v2\/media?parent=1490"}],"curies":[{"name":"wp","href":"https:\/\/api.w.org\/{rel}","templated":true}]}}