{"id":1487,"date":"2020-08-25T15:56:28","date_gmt":"2020-08-25T13:56:28","guid":{"rendered":"https:\/\/www.orthodoxie.at\/gemeinde\/?page_id=1487"},"modified":"2020-08-25T17:26:04","modified_gmt":"2020-08-25T15:26:04","slug":"georg","status":"publish","type":"page","link":"https:\/\/www.orthodoxie.at\/gemeinde\/kapelle\/synaxarion\/georg","title":{"rendered":"Der heilige Georg"},"content":{"rendered":"<p><a href=\"https:\/\/www.orthodoxie.at\/gemeinde\/wp-content\/uploads\/2020\/08\/WEB-Georgios.fw_.png\"><img loading=\"lazy\" decoding=\"async\" class=\"alignleft size-full wp-image-1502\" src=\"https:\/\/www.orthodoxie.at\/gemeinde\/wp-content\/uploads\/2020\/08\/WEB-Georgios.fw_.png\" alt=\"Kapelle Ikonographie\" width=\"390\" height=\"1200\" title=\"\"><\/a><\/p>\n<p style=\"text-align: right;\">\u2026 \\\u00a0<a href=\"https:\/\/www.orthodoxie.at\/gemeinde\/kapelle\">Kapelle<\/a>\u00a0\\\u00a0<a href=\"https:\/\/www.orthodoxie.at\/gemeinde\/kapelle\/synaxarion\">Synaxarion<\/a><\/p>\n<h2>der Gro\u00dfm\u00e4rtyrer, Tr\u00e4ger des Siegeszeichens<\/h2>\n<p><strong>Gedenktag:<\/strong> 23. April<\/p>\n<p><strong>Apolytikion:<\/strong><\/p>\n<p>Als Befreier der Gefangenen und Besch\u00fctzer der Armen, als Arzt der Kranken und Verteidiger der Regierenden, Tr\u00e4ger des Siegeszeichens und Gro\u00dfm\u00e4rtyrer Georg: Bitte Christus, Gott, unsere Seelen zu erretten.<\/p>\n<p><span class=\"LeitType\">\u1f2e\u03c7\u03bf\u03c2 \u03b4\u2019.<\/span><br \/>\n\u1f69\u03c2 \u03c4\u1ff6\u03bd \u03b1\u1f30\u03c7\u03bc\u03b1\u03bb\u03ce\u03c4\u03c9\u03bd \u1f10\u03bb\u03b5\u03c5\u03b8\u03b5\u03c1\u03c9\u03c4\u03ae\u03c2, \u03ba\u03b1\u1f76 \u03c4\u1ff6\u03bd \u03c0\u03c4\u03c9\u03c7\u1ff6\u03bd \u1f51\u03c0\u03b5\u03c1\u03b1\u03c3\u03c0\u03b9\u03c3\u03c4\u03ae\u03c2, \u1f00\u03c3\u03b8\u03b5\u03bd\u03bf\u03cd\u03bd\u03c4\u03c9\u03bd \u1f30\u03b1\u03c4\u03c1\u03cc\u03c2, \u03b2\u03b1\u03c3\u03b9\u03bb\u03ad\u03c9\u03bd \u1f51\u03c0\u03ad\u03c1\u03bc\u03b1\u03c7\u03bf\u03c2, \u03a4\u03c1\u03bf\u03c0\u03b1\u03b9\u03bf\u03c6\u03cc\u03c1\u03b5 \u039c\u03b5\u03b3\u03b1\u03bb\u03bf\u03bc\u03ac\u03c1\u03c4\u03c5\u03c2 \u0393\u03b5\u03ce\u03c1\u03b3\u03b9\u03b5, \u03c0\u03c1\u03ad\u03c3\u03b2\u03b5\u03c5\u03b5 \u03a7\u03c1\u03b9\u03c3\u03c4\u1ff7 \u03c4\u1ff7 \u0398\u03b5\u1ff7, \u03c3\u03c9\u03b8\u1fc6\u03bd\u03b1\u03b9 \u03c4\u1f70\u03c2 \u03c8\u03c5\u03c7\u1f70\u03c2 \u1f21\u03bc\u1ff6\u03bd.<\/p>\n<p><strong>Vita:<\/strong><\/p>\n<p>in Bearbeitung:<\/p>\n","protected":false},"excerpt":{"rendered":"<p>\u2026 \\\u00a0Kapelle\u00a0\\\u00a0Synaxarion der Gro\u00dfm\u00e4rtyrer, Tr\u00e4ger des Siegeszeichens Gedenktag: 23. April Apolytikion: Als Befreier der Gefangenen und Besch\u00fctzer der Armen, als Arzt der Kranken und Verteidiger der Regierenden, Tr\u00e4ger des Siegeszeichens und Gro\u00dfm\u00e4rtyrer Georg: Bitte Christus, Gott, unsere Seelen zu erretten. \u1f2e\u03c7\u03bf\u03c2 \u03b4\u2019. \u1f69\u03c2 \u03c4\u1ff6\u03bd \u03b1\u1f30\u03c7\u03bc\u03b1\u03bb\u03ce\u03c4\u03c9\u03bd \u1f10\u03bb\u03b5\u03c5\u03b8\u03b5\u03c1\u03c9\u03c4\u03ae\u03c2, \u03ba\u03b1\u1f76 \u03c4\u1ff6\u03bd \u03c0\u03c4\u03c9\u03c7\u1ff6\u03bd \u1f51\u03c0\u03b5\u03c1\u03b1\u03c3\u03c0\u03b9\u03c3\u03c4\u03ae\u03c2, \u1f00\u03c3\u03b8\u03b5\u03bd\u03bf\u03cd\u03bd\u03c4\u03c9\u03bd \u1f30\u03b1\u03c4\u03c1\u03cc\u03c2, \u03b2\u03b1\u03c3\u03b9\u03bb\u03ad\u03c9\u03bd \u1f51\u03c0\u03ad\u03c1\u03bc\u03b1\u03c7\u03bf\u03c2, \u03a4\u03c1\u03bf\u03c0\u03b1\u03b9\u03bf\u03c6\u03cc\u03c1\u03b5 &#8230; <\/p>\n<p class=\"read-more-container\"><a title=\"Der heilige Georg\" class=\"read-more button\" href=\"https:\/\/www.orthodoxie.at\/gemeinde\/kapelle\/synaxarion\/georg#more-1487\" aria-label=\"Mehr Informationen \u00fcber Der heilige Georg\">Weiterlesen &#8230;<\/a><\/p>\n","protected":false},"author":2,"featured_media":0,"parent":1309,"menu_order":0,"comment_status":"closed","ping_status":"closed","template":"","meta":{"_crdt_document":"","generate_page_header":"","footnotes":""},"class_list":["post-1487","page","type-page","status-publish"],"amp_enabled":true,"_links":{"self":[{"href":"https:\/\/www.orthodoxie.at\/gemeinde\/wp-json\/wp\/v2\/pages\/1487","targetHints":{"allow":["GET"]}}],"collection":[{"href":"https:\/\/www.orthodoxie.at\/gemeinde\/wp-json\/wp\/v2\/pages"}],"about":[{"href":"https:\/\/www.orthodoxie.at\/gemeinde\/wp-json\/wp\/v2\/types\/page"}],"author":[{"embeddable":true,"href":"https:\/\/www.orthodoxie.at\/gemeinde\/wp-json\/wp\/v2\/users\/2"}],"replies":[{"embeddable":true,"href":"https:\/\/www.orthodoxie.at\/gemeinde\/wp-json\/wp\/v2\/comments?post=1487"}],"version-history":[{"count":4,"href":"https:\/\/www.orthodoxie.at\/gemeinde\/wp-json\/wp\/v2\/pages\/1487\/revisions"}],"predecessor-version":[{"id":1503,"href":"https:\/\/www.orthodoxie.at\/gemeinde\/wp-json\/wp\/v2\/pages\/1487\/revisions\/1503"}],"up":[{"embeddable":true,"href":"https:\/\/www.orthodoxie.at\/gemeinde\/wp-json\/wp\/v2\/pages\/1309"}],"wp:attachment":[{"href":"https:\/\/www.orthodoxie.at\/gemeinde\/wp-json\/wp\/v2\/media?parent=1487"}],"curies":[{"name":"wp","href":"https:\/\/api.w.org\/{rel}","templated":true}]}}