{"id":1479,"date":"2020-08-25T13:36:27","date_gmt":"2020-08-25T11:36:27","guid":{"rendered":"https:\/\/www.orthodoxie.at\/gemeinde\/?page_id=1479"},"modified":"2020-08-25T13:37:38","modified_gmt":"2020-08-25T11:37:38","slug":"paisios","status":"publish","type":"page","link":"https:\/\/www.orthodoxie.at\/gemeinde\/kapelle\/synaxarion\/paisios","title":{"rendered":"Der heilige Paisios"},"content":{"rendered":"<p style=\"text-align: right;\"><a href=\"https:\/\/www.orthodoxie.at\/gemeinde\/wp-content\/uploads\/2020\/08\/WEB-Paisios.fw_.png\"><img loading=\"lazy\" decoding=\"async\" class=\"alignleft size-full wp-image-1383\" src=\"https:\/\/www.orthodoxie.at\/gemeinde\/wp-content\/uploads\/2020\/08\/WEB-Paisios.fw_.png\" alt=\"Kapelle Ikonographie\" width=\"340\" height=\"1200\" title=\"\" srcset=\"https:\/\/www.orthodoxie.at\/gemeinde\/wp-content\/uploads\/2020\/08\/WEB-Paisios.fw_.png 340w, https:\/\/www.orthodoxie.at\/gemeinde\/wp-content\/uploads\/2020\/08\/WEB-Paisios.fw_-85x300.png 85w\" sizes=\"auto, (max-width: 340px) 100vw, 340px\" \/><\/a>\u2026 \\\u00a0<a href=\"https:\/\/www.orthodoxie.at\/gemeinde\/kapelle\">Kapelle<\/a>\u00a0\\\u00a0<a href=\"https:\/\/www.orthodoxie.at\/gemeinde\/kapelle\/synaxarion\">Synaxarion<\/a><\/p>\n<h2>Agioritis (vom Heiligen Berg Athos)<\/h2>\n<p><strong>Gedenktag:<\/strong> 12. Juli<\/p>\n<p><strong>Apolytikion:<\/strong><\/p>\n<p>Wie ein Engel erschienst Du in der Welt in den letzten Jahren, o Christus nachahmender heiliger Paisios; asketisch lebtest Du am Athos, schienst allleuchtend wie die Sonne und\u00a0 erf\u00fclltest eine gro\u00dfe Zahl an Gl\u00e4ubigen mit Gnade durch Worte, Zeichen und Wunder.<\/p>\n<p><span class=\"LeitType\">\u1f2e\u03c7\u03bf\u03c2 \u03b3 \u0301. \u0398\u03b5\u03af\u03b1\u03c2 \u03c0\u03af\u03c3\u03c4\u03b5\u03c9\u03c2.<\/span><br \/>\n\u1f6d\u03c3\u03c0\u03b5\u03c1 \u1f04\u03b3\u03b3\u03b5\u03bb\u03bf\u03c2, \u03c6\u03b1\u03bd\u03b5\u1f76\u03c2 \u1f10\u03bd \u03ba\u03cc\u03c3\u03bc\u1ff3, \u1f10\u03bd \u03c4\u03bf\u1fd6\u03c2 \u1f14\u03c4\u03b5\u03c3\u03b9, \u03c4\u03bf\u1fd6\u03c2 \u03c4\u03b5\u03bb\u03b5\u03c5\u03c4\u03b1\u03af\u03bf\u03b9\u03c2, \u03c7\u03c1\u03b9\u03c3\u03c4\u03bf\u03bc\u03af\u03bc\u03b7\u03c4\u03b5 \u03a0\u03b1\u1fd3\u03c3\u03b9\u03b5 \u1f45\u03c3\u03b9\u03b5, \u1f00\u03c3\u03ba\u03b7\u03c4\u03b9\u03ba\u1ff6\u03c2 \u03b3\u1f70\u03c1 \u03b2\u03b9\u03ce\u03c3\u03b1\u03c2 \u1f10\u03bd \u1f0c\u03b8\u03c9\u03bd\u03b9, \u1f61\u03c2 \u03c0\u03b1\u03bc\u03c6\u03b1\u03ad\u03c3\u03c4\u03b1\u03c4\u03bf\u03c2 \u1f25\u03bb\u03b9\u03bf\u03c2 \u1f14\u03bb\u03b1\u03bc\u03c8\u03b1\u03c2, \u03ba\u03b1\u1f76 \u03ba\u03b1\u03c4\u03b7\u03cd\u03b3\u03b1\u03c3\u03b1\u03c2, \u03c0\u03b9\u03c3\u03c4\u1ff6\u03bd \u03c4\u1f70 \u03c0\u03bb\u03ae\u03b8\u03b7 \u03c4\u1fc7 \u03c7\u03ac\u03c1\u03b9\u03c4\u03b9, \u03c4\u03bf\u1fd6\u03c2 \u1fe5\u03ae\u03bc\u03b1\u03c3\u03b9 \u03c3\u03b7\u03bc\u03b5\u03af\u03bf\u03b9\u03c2 \u03ba\u03b1\u1f76 \u03c4\u03bf\u1fd6\u03c2 \u03b8\u03b1\u03cd\u03bc\u03b1\u03c3\u03b9.<\/p>\n<p><strong>Vita:<\/strong><\/p>\n<p>in Bearbeitung<\/p>\n","protected":false},"excerpt":{"rendered":"<p>\u2026 \\\u00a0Kapelle\u00a0\\\u00a0Synaxarion Agioritis (vom Heiligen Berg Athos) Gedenktag: 12. Juli Apolytikion: Wie ein Engel erschienst Du in der Welt in den letzten Jahren, o Christus nachahmender heiliger Paisios; asketisch lebtest Du am Athos, schienst allleuchtend wie die Sonne und\u00a0 erf\u00fclltest eine gro\u00dfe Zahl an Gl\u00e4ubigen mit Gnade durch Worte, Zeichen und Wunder. \u1f2e\u03c7\u03bf\u03c2 \u03b3 \u0301. &#8230; <\/p>\n<p class=\"read-more-container\"><a title=\"Der heilige Paisios\" class=\"read-more button\" href=\"https:\/\/www.orthodoxie.at\/gemeinde\/kapelle\/synaxarion\/paisios#more-1479\" aria-label=\"Mehr Informationen \u00fcber Der heilige Paisios\">Weiterlesen &#8230;<\/a><\/p>\n","protected":false},"author":2,"featured_media":0,"parent":1309,"menu_order":0,"comment_status":"closed","ping_status":"closed","template":"","meta":{"_crdt_document":"","generate_page_header":"","footnotes":""},"class_list":["post-1479","page","type-page","status-publish"],"amp_enabled":true,"_links":{"self":[{"href":"https:\/\/www.orthodoxie.at\/gemeinde\/wp-json\/wp\/v2\/pages\/1479","targetHints":{"allow":["GET"]}}],"collection":[{"href":"https:\/\/www.orthodoxie.at\/gemeinde\/wp-json\/wp\/v2\/pages"}],"about":[{"href":"https:\/\/www.orthodoxie.at\/gemeinde\/wp-json\/wp\/v2\/types\/page"}],"author":[{"embeddable":true,"href":"https:\/\/www.orthodoxie.at\/gemeinde\/wp-json\/wp\/v2\/users\/2"}],"replies":[{"embeddable":true,"href":"https:\/\/www.orthodoxie.at\/gemeinde\/wp-json\/wp\/v2\/comments?post=1479"}],"version-history":[{"count":1,"href":"https:\/\/www.orthodoxie.at\/gemeinde\/wp-json\/wp\/v2\/pages\/1479\/revisions"}],"predecessor-version":[{"id":1480,"href":"https:\/\/www.orthodoxie.at\/gemeinde\/wp-json\/wp\/v2\/pages\/1479\/revisions\/1480"}],"up":[{"embeddable":true,"href":"https:\/\/www.orthodoxie.at\/gemeinde\/wp-json\/wp\/v2\/pages\/1309"}],"wp:attachment":[{"href":"https:\/\/www.orthodoxie.at\/gemeinde\/wp-json\/wp\/v2\/media?parent=1479"}],"curies":[{"name":"wp","href":"https:\/\/api.w.org\/{rel}","templated":true}]}}