{"id":1470,"date":"2020-08-25T13:12:18","date_gmt":"2020-08-25T11:12:18","guid":{"rendered":"https:\/\/www.orthodoxie.at\/gemeinde\/?page_id=1470"},"modified":"2020-08-26T20:27:25","modified_gmt":"2020-08-26T18:27:25","slug":"paulus","status":"publish","type":"page","link":"https:\/\/www.orthodoxie.at\/gemeinde\/kapelle\/synaxarion\/paulus","title":{"rendered":"Der heilige Paulus"},"content":{"rendered":"<p style=\"text-align: right;\"><img loading=\"lazy\" decoding=\"async\" class=\"alignleft size-full wp-image-1401\" src=\"https:\/\/www.orthodoxie.at\/gemeinde\/wp-content\/uploads\/2020\/08\/WEB-Paulus.fw_.png\" alt=\"Kapelle Ikonographie\" width=\"340\" height=\"1200\" title=\"\" srcset=\"https:\/\/www.orthodoxie.at\/gemeinde\/wp-content\/uploads\/2020\/08\/WEB-Paulus.fw_.png 340w, https:\/\/www.orthodoxie.at\/gemeinde\/wp-content\/uploads\/2020\/08\/WEB-Paulus.fw_-85x300.png 85w\" sizes=\"auto, (max-width: 340px) 100vw, 340px\" \/>\u2026 \\\u00a0<a href=\"https:\/\/www.orthodoxie.at\/gemeinde\/kapelle\">Kapelle<\/a>\u00a0\\\u00a0<a href=\"https:\/\/www.orthodoxie.at\/gemeinde\/kapelle\/synaxarion\">Synaxarion<\/a><\/p>\n<h2>Apostelf\u00fcrst<\/h2>\n<p><strong>Gedenktag:<\/strong> 29. Juni<\/p>\n<p><strong>Apolytikion:<\/strong><\/p>\n<p>Ihr Erstthronenden der Apostel und des Erdkreises Lehrer, bittet den Gebieter \u00fcber alles, dass Friede werde dem Erdkreis und unseren Seelen das gro\u00dfe Erbarmen.<\/p>\n<p><span class=\"LeitType\">\u1f2e\u03c7\u03bf\u03c2 \u03b4\u2019.<\/span><br \/>\n\u039f\u1f31 \u03c4\u1ff6\u03bd \u1f08\u03c0\u03bf\u03c3\u03c4\u03cc\u03bb\u03c9\u03bd \u03c0\u03c1\u03c9\u03c4\u03cc\u03b8\u03c1\u03bf\u03bd\u03bf\u03b9, \u03ba\u03b1\u1f76 \u03c4\u1fc6\u03c2 \u039f\u1f30\u03ba\u03bf\u03c5\u03bc\u03ad\u03bd\u03b7\u03c2 \u03b4\u03b9\u03b4\u03ac\u03c3\u03ba\u03b1\u03bb\u03bf\u03b9, \u03c4\u1ff7 \u0394\u03b5\u03c3\u03c0\u03cc\u03c4\u1fc3 \u03c4\u1ff6\u03bd \u1f45\u03bb\u03c9\u03bd \u03c0\u03c1\u03b5\u03c3\u03b2\u03b5\u03cd\u03c3\u03b1\u03c4\u03b5, \u03b5\u1f30\u03c1\u03ae\u03bd\u03b7\u03bd \u03c4\u1fc6 \u03bf\u1f30\u03ba\u03bf\u03c5\u03bc\u03ad\u03bd\u1fc3 \u03b4\u03c9\u03c1\u03ae\u03c3\u03b1\u03c3\u03b8\u03b1\u03b9, \u03ba\u03b1\u1f76 \u03c4\u03b1\u1fd6\u03c2 \u03c8\u03c5\u03c7\u03b1\u1fd6\u03c2 \u1f21\u03bc\u1ff6\u03bd \u03c4\u1f78 \u03bc\u03ad\u03b3\u03b1 \u1f14\u03bb\u03b5\u03bf\u03c2.<\/p>\n<p><strong>Vita:<\/strong><\/p>\n<p>in Bearbeitung<\/p>\n","protected":false},"excerpt":{"rendered":"<p>\u2026 \\\u00a0Kapelle\u00a0\\\u00a0Synaxarion Apostelf\u00fcrst Gedenktag: 29. Juni Apolytikion: Ihr Erstthronenden der Apostel und des Erdkreises Lehrer, bittet den Gebieter \u00fcber alles, dass Friede werde dem Erdkreis und unseren Seelen das gro\u00dfe Erbarmen. \u1f2e\u03c7\u03bf\u03c2 \u03b4\u2019. \u039f\u1f31 \u03c4\u1ff6\u03bd \u1f08\u03c0\u03bf\u03c3\u03c4\u03cc\u03bb\u03c9\u03bd \u03c0\u03c1\u03c9\u03c4\u03cc\u03b8\u03c1\u03bf\u03bd\u03bf\u03b9, \u03ba\u03b1\u1f76 \u03c4\u1fc6\u03c2 \u039f\u1f30\u03ba\u03bf\u03c5\u03bc\u03ad\u03bd\u03b7\u03c2 \u03b4\u03b9\u03b4\u03ac\u03c3\u03ba\u03b1\u03bb\u03bf\u03b9, \u03c4\u1ff7 \u0394\u03b5\u03c3\u03c0\u03cc\u03c4\u1fc3 \u03c4\u1ff6\u03bd \u1f45\u03bb\u03c9\u03bd \u03c0\u03c1\u03b5\u03c3\u03b2\u03b5\u03cd\u03c3\u03b1\u03c4\u03b5, \u03b5\u1f30\u03c1\u03ae\u03bd\u03b7\u03bd \u03c4\u1fc6 \u03bf\u1f30\u03ba\u03bf\u03c5\u03bc\u03ad\u03bd\u1fc3 \u03b4\u03c9\u03c1\u03ae\u03c3\u03b1\u03c3\u03b8\u03b1\u03b9, \u03ba\u03b1\u1f76 \u03c4\u03b1\u1fd6\u03c2 \u03c8\u03c5\u03c7\u03b1\u1fd6\u03c2 \u1f21\u03bc\u1ff6\u03bd \u03c4\u1f78 &#8230; <\/p>\n<p class=\"read-more-container\"><a title=\"Der heilige Paulus\" class=\"read-more button\" href=\"https:\/\/www.orthodoxie.at\/gemeinde\/kapelle\/synaxarion\/paulus#more-1470\" aria-label=\"Mehr Informationen \u00fcber Der heilige Paulus\">Weiterlesen &#8230;<\/a><\/p>\n","protected":false},"author":2,"featured_media":0,"parent":1309,"menu_order":0,"comment_status":"closed","ping_status":"closed","template":"","meta":{"_crdt_document":"","generate_page_header":"","footnotes":""},"class_list":["post-1470","page","type-page","status-publish"],"amp_enabled":true,"_links":{"self":[{"href":"https:\/\/www.orthodoxie.at\/gemeinde\/wp-json\/wp\/v2\/pages\/1470","targetHints":{"allow":["GET"]}}],"collection":[{"href":"https:\/\/www.orthodoxie.at\/gemeinde\/wp-json\/wp\/v2\/pages"}],"about":[{"href":"https:\/\/www.orthodoxie.at\/gemeinde\/wp-json\/wp\/v2\/types\/page"}],"author":[{"embeddable":true,"href":"https:\/\/www.orthodoxie.at\/gemeinde\/wp-json\/wp\/v2\/users\/2"}],"replies":[{"embeddable":true,"href":"https:\/\/www.orthodoxie.at\/gemeinde\/wp-json\/wp\/v2\/comments?post=1470"}],"version-history":[{"count":5,"href":"https:\/\/www.orthodoxie.at\/gemeinde\/wp-json\/wp\/v2\/pages\/1470\/revisions"}],"predecessor-version":[{"id":1519,"href":"https:\/\/www.orthodoxie.at\/gemeinde\/wp-json\/wp\/v2\/pages\/1470\/revisions\/1519"}],"up":[{"embeddable":true,"href":"https:\/\/www.orthodoxie.at\/gemeinde\/wp-json\/wp\/v2\/pages\/1309"}],"wp:attachment":[{"href":"https:\/\/www.orthodoxie.at\/gemeinde\/wp-json\/wp\/v2\/media?parent=1470"}],"curies":[{"name":"wp","href":"https:\/\/api.w.org\/{rel}","templated":true}]}}