{"id":1413,"date":"2020-08-04T22:07:29","date_gmt":"2020-08-04T20:07:29","guid":{"rendered":"https:\/\/www.orthodoxie.at\/gemeinde\/?page_id=1413"},"modified":"2020-08-04T22:25:23","modified_gmt":"2020-08-04T20:25:23","slug":"basilius","status":"publish","type":"page","link":"https:\/\/www.orthodoxie.at\/gemeinde\/kapelle\/synaxarion\/basilius","title":{"rendered":"Der Heilige Basilius"},"content":{"rendered":"<h6 style=\"text-align: right;\">&#8230; \\ <a href=\"https:\/\/www.orthodoxie.at\/gemeinde\/kapelle\">Kapelle<\/a> \\ <a href=\"https:\/\/www.orthodoxie.at\/gemeinde\/kapelle\/synaxarion\">Synaxarion<\/a><\/h6>\n<h2><a href=\"https:\/\/www.orthodoxie.at\/gemeinde\/wp-content\/uploads\/2020\/08\/WEB-Basilius.fw_.png\"><img loading=\"lazy\" decoding=\"async\" class=\"alignleft size-full wp-image-1384\" src=\"https:\/\/www.orthodoxie.at\/gemeinde\/wp-content\/uploads\/2020\/08\/WEB-Basilius.fw_.png\" alt=\"\" width=\"340\" height=\"1200\" title=\"\" srcset=\"https:\/\/www.orthodoxie.at\/gemeinde\/wp-content\/uploads\/2020\/08\/WEB-Basilius.fw_.png 340w, https:\/\/www.orthodoxie.at\/gemeinde\/wp-content\/uploads\/2020\/08\/WEB-Basilius.fw_-85x300.png 85w\" sizes=\"auto, (max-width: 340px) 100vw, 340px\" \/><\/a>der Gro\u00dfe und Himmelsscheinende, Erzbischof von C\u00e4sarea in Kappadokien<\/h2>\n<p><strong>Gedenktag:<\/strong> 1. Januar<\/p>\n<p><strong>Apolytikion:<\/strong><\/p>\n<p>\u00dcber die ganze Erde erging dein Ruf, da sie annahm dein Wort, durch das du gottgef\u00e4llig gelebt, die Natur der Dinge erkl\u00e4rt und die Sitten der Menschen geziert hast, k\u00f6nigliches* Priestertum,\u00a0 heiliger Vater, bitte Christus Gott, uns das gro\u00dfe Erbarmen zu schenken.<\/p>\n<p>(* Anmerkung: Anspielung auf den Namen Basilios: \u0392\u03b1\u03c3\u03af\u03bb\u03b5\u03b9\u03bf\u03bd = K\u00f6niglich \/ entspricht dem Adjektiv, das man vom Namen Basilios bilden k\u00f6nnte.)<\/p>\n<p><span class=\"LeitType\">\u1f2e\u03c7\u03bf\u03c2 \u03b1\u2019.<\/span><br \/>\n\u0395\u1f30\u03c2 \u03c0\u1fb6\u03c3\u03b1\u03bd \u03c4\u1f74\u03bd \u03b3\u1fc6\u03bd \u1f10\u03be\u1fc6\u03bb\u03b8\u03b5\u03bd \u1f41 \u03c6\u03b8\u03cc\u03b3\u03b3\u03bf\u03c2 \u03c3\u03bf\u03c5, \u1f61\u03c2 \u03b4\u03b5\u03be\u03b1\u03bc\u03ad\u03bd\u03b7\u03bd \u03c4\u1f78\u03bd \u03bb\u03cc\u03b3\u03bf\u03bd \u03c3\u03bf\u03c5\u00b7 \u03b4\u03b9&#8216; \u03bf\u1f57 \u03b8\u03b5\u03bf\u03c0\u03c1\u03b5\u03c0\u1ff6\u03c2 \u1f10\u03b4\u03bf\u03b3\u03bc\u03ac\u03c4\u03b9\u03c3\u03b1\u03c2, \u03c4\u1f74\u03bd \u03c6\u03cd\u03c3\u03b9\u03bd \u03c4\u1ff6\u03bd \u1f44\u03bd\u03c4\u03c9\u03bd \u1f10\u03c4\u03c1\u03ac\u03bd\u03c9\u03c3\u03b1\u03c2, \u03c4\u1f70 \u03c4\u1ff6\u03bd \u1f00\u03bd\u03b8\u03c1\u03ce\u03c0\u03c9\u03bd \u1f24\u03b8\u03b7 \u03ba\u03b1\u03c4\u03b5\u03ba\u03cc\u03c3\u03bc\u03b7\u03c3\u03b1\u03c2. \u0392\u03b1\u03c3\u03af\u03bb\u03b5\u03b9\u03bf\u03bd \u1f31\u03b5\u03c1\u03ac\u03c4\u03b5\u03c5\u03bc\u03b1, \u03a0\u03ac\u03c4\u03b5\u03c1 \u1f4d\u03c3\u03b9\u03b5\u00b7 \u03c0\u03c1\u03ad\u03c3\u03b2\u03b5\u03c5\u03b5 \u03a7\u03c1\u03b9\u03c3\u03c4\u1ff7 \u03c4\u1ff7 \u0398\u03b5\u1ff7, \u03c3\u03c9\u03b8\u1fc6\u03bd\u03b1\u03b9 \u03c4\u1f70\u03c2 \u03c8\u03c5\u03c7\u1f70\u03c2 \u1f21\u03bc\u1ff6\u03bd.<\/p>\n<p><strong>Vita:<\/strong><\/p>\n<p>in Bearbeitung<\/p>\n","protected":false},"excerpt":{"rendered":"<p>&#8230; \\ Kapelle \\ Synaxarion der Gro\u00dfe und Himmelsscheinende, Erzbischof von C\u00e4sarea in Kappadokien Gedenktag: 1. Januar Apolytikion: \u00dcber die ganze Erde erging dein Ruf, da sie annahm dein Wort, durch das du gottgef\u00e4llig gelebt, die Natur der Dinge erkl\u00e4rt und die Sitten der Menschen geziert hast, k\u00f6nigliches* Priestertum,\u00a0 heiliger Vater, bitte Christus Gott, uns &#8230; <\/p>\n<p class=\"read-more-container\"><a title=\"Der Heilige Basilius\" class=\"read-more button\" href=\"https:\/\/www.orthodoxie.at\/gemeinde\/kapelle\/synaxarion\/basilius#more-1413\" aria-label=\"Mehr Informationen \u00fcber Der Heilige Basilius\">Weiterlesen &#8230;<\/a><\/p>\n","protected":false},"author":2,"featured_media":0,"parent":1309,"menu_order":0,"comment_status":"closed","ping_status":"closed","template":"","meta":{"_crdt_document":"","generate_page_header":"","footnotes":""},"class_list":["post-1413","page","type-page","status-publish"],"amp_enabled":true,"_links":{"self":[{"href":"https:\/\/www.orthodoxie.at\/gemeinde\/wp-json\/wp\/v2\/pages\/1413","targetHints":{"allow":["GET"]}}],"collection":[{"href":"https:\/\/www.orthodoxie.at\/gemeinde\/wp-json\/wp\/v2\/pages"}],"about":[{"href":"https:\/\/www.orthodoxie.at\/gemeinde\/wp-json\/wp\/v2\/types\/page"}],"author":[{"embeddable":true,"href":"https:\/\/www.orthodoxie.at\/gemeinde\/wp-json\/wp\/v2\/users\/2"}],"replies":[{"embeddable":true,"href":"https:\/\/www.orthodoxie.at\/gemeinde\/wp-json\/wp\/v2\/comments?post=1413"}],"version-history":[{"count":4,"href":"https:\/\/www.orthodoxie.at\/gemeinde\/wp-json\/wp\/v2\/pages\/1413\/revisions"}],"predecessor-version":[{"id":1421,"href":"https:\/\/www.orthodoxie.at\/gemeinde\/wp-json\/wp\/v2\/pages\/1413\/revisions\/1421"}],"up":[{"embeddable":true,"href":"https:\/\/www.orthodoxie.at\/gemeinde\/wp-json\/wp\/v2\/pages\/1309"}],"wp:attachment":[{"href":"https:\/\/www.orthodoxie.at\/gemeinde\/wp-json\/wp\/v2\/media?parent=1413"}],"curies":[{"name":"wp","href":"https:\/\/api.w.org\/{rel}","templated":true}]}}