{"id":1321,"date":"2020-06-21T19:58:36","date_gmt":"2020-06-21T17:58:36","guid":{"rendered":"https:\/\/www.orthodoxie.at\/gemeinde\/?page_id=1321"},"modified":"2020-08-04T22:26:58","modified_gmt":"2020-08-04T20:26:58","slug":"johannes-chrysostomos","status":"publish","type":"page","link":"https:\/\/www.orthodoxie.at\/gemeinde\/kapelle\/synaxarion\/johannes-chrysostomos","title":{"rendered":"Der Heilige Johannes Chrysostomos"},"content":{"rendered":"<h6 style=\"text-align: right;\">&#8230; \\ <a href=\"https:\/\/www.orthodoxie.at\/gemeinde\/kapelle\">Kapelle<\/a> \\ <a href=\"https:\/\/www.orthodoxie.at\/gemeinde\/kapelle\/synaxarion\">Synaxarion<\/a><\/h6>\n<h2><img loading=\"lazy\" decoding=\"async\" class=\"alignleft size-full wp-image-1334\" src=\"https:\/\/www.orthodoxie.at\/gemeinde\/wp-content\/uploads\/2020\/06\/WEB-Chrysostomos.fw_.png\" alt=\"\" width=\"340\" height=\"1200\" title=\"\" srcset=\"https:\/\/www.orthodoxie.at\/gemeinde\/wp-content\/uploads\/2020\/06\/WEB-Chrysostomos.fw_.png 340w, https:\/\/www.orthodoxie.at\/gemeinde\/wp-content\/uploads\/2020\/06\/WEB-Chrysostomos.fw_-85x300.png 85w\" sizes=\"auto, (max-width: 340px) 100vw, 340px\" \/>Erzbischof von Konstantinopel<\/h2>\n<p><strong>Gedenktag:<\/strong> 13. November<\/p>\n<p><strong>Apolytikion:<\/strong><\/p>\n<p align=\"justify\">Die Gnade ist aufgestrahlt aus deinem Mund gleich einer Fackel * und hat den Erdkreis erleuchtet; * ohne Geiz hat sie f\u00fcr die Welt Sch\u00e4tze hinterlegt, * die H\u00f6he der Demut hat sie uns gezeigt. * Wohlan denn, mit deinen Worten lehrend, * Vater Johannes Chrysostomos, * bitte das Wort Christus Gott, unsere Seelen zu erretten.<\/p>\n<p>\u1f2e\u03c7\u03bf\u03c2 \u03c0\u03bb. \u03b4\u2019.<\/p>\n<p align=\"justify\">\u1f29 \u03c4\u03bf\u1fe6 \u03c3\u03c4\u03cc\u03bc\u03b1\u03c4\u03cc\u03c2 \u03c3\u03bf\u03c5 \u03ba\u03b1\u03b8\u03ac\u03c0\u03b5\u03c1 \u03c0\u03c5\u03c1\u03c3\u03cc\u03c2 \u1f10\u03ba\u03bb\u03ac\u03bc\u03c8\u03b1\u03c3\u03b1 \u03c7\u03ac\u03c1\u03b9\u03c2, \u03c4\u1f74\u03bd \u03bf\u1f30\u03ba\u03bf\u03c5\u03bc\u03ad\u03bd\u03b7\u03bd \u1f10\u03c6\u03ce\u03c4\u03b9\u03c3\u03b5\u03bd, \u1f00\u03c6\u03b9\u03bb\u03b1\u03c1\u03b3\u03c5\u03c1\u03af\u03b1\u03c2 \u03c4\u1ff7 \u03ba\u03cc\u03c3\u03bc\u1ff3 \u03b8\u03b7\u03c3\u03b1\u03c5\u03c1\u03bf\u1f7a\u03c2 \u1f10\u03bd\u03b1\u03c0\u03ad\u03b8\u03b5\u03c4\u03bf, \u03c4\u1f78 \u1f55\u03c8\u03bf\u03c2 \u1f21\u03bc\u1fd6\u03bd \u03c4\u1fc6\u03c2 \u03c4\u03b1\u03c0\u03b5\u03b9\u03bd\u03bf\u03c6\u03c1\u03bf\u03c3\u03cd\u03bd\u03b7\u03c2 \u1f51\u03c0\u03ad\u03b4\u03b5\u03b9\u03be\u03b5\u03bd. \u1f08\u03bb\u03bb\u1f70 \u03c3\u03bf\u1fd6\u03c2 \u03bb\u03cc\u03b3\u03bf\u03b9\u03c2 \u03c0\u03b1\u03b9\u03b4\u03b5\u03cd\u03c9\u03bd, \u03a0\u03ac\u03c4\u03b5\u03c1, \u1f38\u03c9\u03ac\u03bd\u03bd\u03b7 \u03a7\u03c1\u03c5\u03c3\u03cc\u03c3\u03c4\u03bf\u03bc\u03b5, \u03c0\u03c1\u03ad\u03c3\u03b2\u03b5\u03c5\u03b5 \u03c4\u1ff7 \u039b\u03cc\u03b3\u1ff3 \u03a7\u03c1\u03b9\u03c3\u03c4\u1ff7 \u03c4\u1ff7 \u0398\u03b5\u1ff7, \u03c3\u03c9\u03b8\u1fc6\u03bd\u03b1\u03b9 \u03c4\u1f70\u03c2 \u03c8\u03c5\u03c7\u1f70\u03c2 \u1f21\u03bc\u1ff6\u03bd.<\/p>\n<p><strong>Vita:<\/strong><\/p>\n<p align=\"justify\">Johannes wurde zwischen 344 und 354 in Antiochien geboren (viele Quellen nennen das Jahr 349). Sein Vater Sekundos, ein in der Provinz Syrien stationierter Heerf\u00fchrer, starb, als Johannes erst einige Monate alt war, sodass die Erziehung des Jungen in erster Linie seiner Mutter Anthousa oblag. Sie war es wohl, die ihm das Schreiben und Lesen beibrachte; sp\u00e4ter erhielt er eine gr\u00fcndliche Ausbildung in Rhetorik und Philosophie bei ber\u00fchmten Lehrern Antiochiens.<\/p>\n<p align=\"justify\">Als junger Mann lie\u00df er sich taufen und wurde 371 zum Lektor geweiht. Sein Wunsch war es, in monastischer Einfachheit zu leben. Nach dem Tod seiner Mutter im Jahr 372 zog er sich in die Gemeinschaft von M\u00f6nchen und sp\u00e4ter in Einsamkeit zur\u00fcck. Er lebte in strenger Askese, studierte die Heilige Schrift und widmete sich dem Gebet. Nach seiner R\u00fcckkehr nach Antiochien wurde er im Jahr 381 vom Erzbischof von Antiochien Meletios zum Diakon geweiht und im Jahr 386 von dessen Nachfolger Flavianos zum Priester. Das Synaxarion berichtet, dass einige im Augenblick seiner Weihe sahen, wie sich eine wei\u00dfe Taube auf seinem Haupt niederlie\u00df. Die Gl\u00e4ubigen der Stadt lie\u00dfen sich von seinen geisterf\u00fcllten Predigten bewegen und str\u00f6mten in gro\u00dfen Mengen zusammen, um Johannes das Wort Gottes verk\u00fcnden zu h\u00f6ren: Denn er verstand es, die Heilige Schrift in ihrer Tiefe zu erschlie\u00dfen, Irrlehren zu widerlegen und ermunterte seine Zuh\u00f6rer gleichzeitig zu t\u00e4tiger N\u00e4chstenliebe.<\/p>\n<p align=\"justify\">So wurde er bis nach Konstantinopel bekannt und im Jahr 397 gegen seine Intention zum Erzbischof der Reichshauptstadt ernannt. Am 26. Februar 398 erfolge seine Inthronisation. Auch als Bischof war ihm die Seelsorge das erste Anliegen, und so blieb er den Gl\u00e4ubigen nah. Er predigte, h\u00f6rte Beichte, besuchte Kranke und Gefangene. Um den Gl\u00e4ubigen zu helfen, ihren Weg getreu mit Christus zu gehen, f\u00f6rderte er das liturgische Leben durch zahlreiche Initiativen: Er organisierte Prozessionen und Hymnenges\u00e4nge, n\u00e4chtliche Gottesdienste und sorgte sich auch um die Seelsorge der andersprachigen Christen in Konstantinopel, etwa der Gothen: F\u00fcr sie errichtete er eine muttersprachliche Gemeinde und lie\u00df seine Predigten bei Besuchen simultan \u00fcbersetzen. Gleichzeitig ver\u00e4u\u00dferte er Besitz des Erzbistums, um Hospit\u00e4ler, Lazarette und Fremdenunterk\u00fcnfte zu errichten. Seine Kritik an ausschweifender Lebensf\u00fchrung schaffte ihm Feinde in einflussreichen Kreisen, sodass er schlie\u00dflich im Jahr 403 ein erstes Mal abgesetzt und ins Exil geschickt wurde. F\u00fcr kurze Zeit wurde er zur gro\u00dfen Freude Vieler nach Konstantinopel zur\u00fcckgeholt. Da er auch weiterhin Kritik an Missst\u00e4nden \u00fcbte, wurde er am Gro\u00dfen Samstag des Jahres 404 erneut ins Exil geschickt, wo er angesichts gro\u00dfer Entbehrungen am 14. September 407 zu Gott heimging. Im Jahr 438 wurden seine Reliquien nach Konstantinopel \u00fcberf\u00fchrt und Johannes, der den Beinamen Chrysostomos &#8211; Goldmund &#8211; erhielt, als Heiliger verehrt.<\/p>\n<p align=\"justify\">\n","protected":false},"excerpt":{"rendered":"<p>&#8230; \\ Kapelle \\ Synaxarion Erzbischof von Konstantinopel Gedenktag: 13. November Apolytikion: Die Gnade ist aufgestrahlt aus deinem Mund gleich einer Fackel * und hat den Erdkreis erleuchtet; * ohne Geiz hat sie f\u00fcr die Welt Sch\u00e4tze hinterlegt, * die H\u00f6he der Demut hat sie uns gezeigt. * Wohlan denn, mit deinen Worten lehrend, * &#8230; <\/p>\n<p class=\"read-more-container\"><a title=\"Der Heilige Johannes Chrysostomos\" class=\"read-more button\" href=\"https:\/\/www.orthodoxie.at\/gemeinde\/kapelle\/synaxarion\/johannes-chrysostomos#more-1321\" aria-label=\"Mehr Informationen \u00fcber Der Heilige Johannes Chrysostomos\">Weiterlesen &#8230;<\/a><\/p>\n","protected":false},"author":2,"featured_media":0,"parent":1309,"menu_order":0,"comment_status":"closed","ping_status":"closed","template":"","meta":{"_crdt_document":"","generate_page_header":"","footnotes":""},"class_list":["post-1321","page","type-page","status-publish"],"amp_enabled":true,"_links":{"self":[{"href":"https:\/\/www.orthodoxie.at\/gemeinde\/wp-json\/wp\/v2\/pages\/1321","targetHints":{"allow":["GET"]}}],"collection":[{"href":"https:\/\/www.orthodoxie.at\/gemeinde\/wp-json\/wp\/v2\/pages"}],"about":[{"href":"https:\/\/www.orthodoxie.at\/gemeinde\/wp-json\/wp\/v2\/types\/page"}],"author":[{"embeddable":true,"href":"https:\/\/www.orthodoxie.at\/gemeinde\/wp-json\/wp\/v2\/users\/2"}],"replies":[{"embeddable":true,"href":"https:\/\/www.orthodoxie.at\/gemeinde\/wp-json\/wp\/v2\/comments?post=1321"}],"version-history":[{"count":11,"href":"https:\/\/www.orthodoxie.at\/gemeinde\/wp-json\/wp\/v2\/pages\/1321\/revisions"}],"predecessor-version":[{"id":1424,"href":"https:\/\/www.orthodoxie.at\/gemeinde\/wp-json\/wp\/v2\/pages\/1321\/revisions\/1424"}],"up":[{"embeddable":true,"href":"https:\/\/www.orthodoxie.at\/gemeinde\/wp-json\/wp\/v2\/pages\/1309"}],"wp:attachment":[{"href":"https:\/\/www.orthodoxie.at\/gemeinde\/wp-json\/wp\/v2\/media?parent=1321"}],"curies":[{"name":"wp","href":"https:\/\/api.w.org\/{rel}","templated":true}]}}