{"id":1309,"date":"2020-06-18T23:39:16","date_gmt":"2020-06-18T21:39:16","guid":{"rendered":"https:\/\/www.orthodoxie.at\/gemeinde\/?page_id=1309"},"modified":"2020-11-09T20:36:24","modified_gmt":"2020-11-09T19:36:24","slug":"synaxarion","status":"publish","type":"page","link":"https:\/\/www.orthodoxie.at\/gemeinde\/kapelle\/synaxarion","title":{"rendered":"Synaxarion"},"content":{"rendered":"<h2>Ikonostase (und Thron)<\/h2>\n<ul>\n<li>Unser Herr und Gott und Erl\u00f6ser Jesus Christus<\/li>\n<li>Die Gottesgeb\u00e4rerin<\/li>\n<li>Der heilige Prophet, Vorl\u00e4ufer und T\u00e4ufer Johannes<\/li>\n<\/ul>\n<h2>Altar und Prothesis<\/h2>\n<ul>\n<li>Christus Pantokrator<\/li>\n<li>Die Gottesmutter Platytera<\/li>\n<li>Akra Tapeinosis<\/li>\n<\/ul>\n<h2>Das Heilsgeschehen in Jesus Christus<\/h2>\n<ul id=\"mce_19\" class=\"editor-rich-text__tinymce mce-content-body\" role=\"textbox\" contenteditable=\"true\" aria-label=\"Schreibe eine Liste\u2026\" aria-autocomplete=\"list\" aria-multiline=\"true\" data-is-placeholder-visible=\"false\">\n<li>Mari\u00e4 Verk\u00fcndigung<\/li>\n<li>Geburt unseres Herrn und Gottes und Erl\u00f6sers Jesus Christus<\/li>\n<li>Darstellung des Herrn im Tempel<\/li>\n<li>Taufe Jesu<\/li>\n<li>Verkl\u00e4rung des Herrn<\/li>\n<li>Die G\u00f6ttlichen Leiden: Gei\u00dfelung, Kreuzweg, Kreuzigung, Kreuzabnahme und Grablegung<\/li>\n<li>Auferstehung unseres Herrn und Gottes und Erl\u00f6sers Jesus Christus<\/li>\n<li>Die Begegnung des Auferstandenen mit den salbentragenden Frauen<\/li>\n<li>Himmelfahrt<\/li>\n<li>Pfingsten<\/li>\n<\/ul>\n<h2>Die Heiligen<\/h2>\n<p><strong>dargestellt in voller Gr\u00f6\u00dfe<\/strong><\/p>\n<ul>\n<li><strong>im Altarraum Ost<\/strong><\/li>\n<li>Der Heilige Erzm\u00e4rtyrer Stephanus<\/li>\n<li>Der Heilige Laurentius<\/li>\n<li><strong>im Altarraum Nord<\/strong><\/li>\n<li>Der Heilige Nektarios<\/li>\n<li>Der Heilige Titus von Kreta<\/li>\n<li><strong>im Kirchenschiff Nord<\/strong><\/li>\n<li><a href=\"https:\/\/www.orthodoxie.at\/gemeinde\/kapelle\/synaxarion\/basilius\">Der Heilige Basilius der Gro\u00dfe<\/a><\/li>\n<li><a href=\"https:\/\/www.orthodoxie.at\/gemeinde\/kapelle\/synaxarion\/johannes-chrysostomos\">Der Heilige Johannes Chrysostomos<\/a><\/li>\n<li><a href=\"https:\/\/www.orthodoxie.at\/gemeinde\/kapelle\/synaxarion\/der-heilige-gregor\">Der Heilige Gregor der Theologe<\/a><\/li>\n<li><a href=\"https:\/\/www.orthodoxie.at\/gemeinde\/kapelle\/synaxarion\/nikolaus\">Der Heilige Nikolaus<\/a><\/li>\n<li><a href=\"https:\/\/www.orthodoxie.at\/gemeinde\/kapelle\/synaxarion\/dionysios\">Der Heilige Dionysios Areopagitis<\/a><\/li>\n<li><a href=\"https:\/\/www.orthodoxie.at\/gemeinde\/kapelle\/synaxarion\/charalampos\">Der Heilige Charalampos<\/a><\/li>\n<li><a href=\"https:\/\/www.orthodoxie.at\/gemeinde\/kapelle\/synaxarion\/georg\">Der Heilige Georg<\/a><\/li>\n<li><a href=\"https:\/\/www.orthodoxie.at\/gemeinde\/kapelle\/synaxarion\/dimitrios\">Der Heilige Dimitrios<\/a><\/li>\n<li><a href=\"https:\/\/www.orthodoxie.at\/gemeinde\/kapelle\/synaxarion\/gerasimos\">Der Heilige Gerasimos<\/a><\/li>\n<li><a href=\"https:\/\/www.orthodoxie.at\/gemeinde\/kapelle\/synaxarion\/paisios\">Der Heilige Paisios<\/a><\/li>\n<li><a href=\"https:\/\/www.orthodoxie.at\/gemeinde\/kapelle\/synaxarion\/anastasia\">Die Heilige Anastasia die R\u00f6merin<\/a><\/li>\n<li><strong>im Kirchenschiff S\u00fcd<\/strong><\/li>\n<li><a href=\"https:\/\/www.orthodoxie.at\/gemeinde\/kapelle\/synaxarion\/konstantin-elena\">Die Heiligen Konstantin und Elena<\/a><\/li>\n<li><a href=\"https:\/\/www.orthodoxie.at\/gemeinde\/kapelle\/synaxarion\/arsenios\">Der Heilige Arsenios der Kappadokier<\/a><\/li>\n<li><a href=\"https:\/\/www.orthodoxie.at\/gemeinde\/kapelle\/synaxarion\/thron\"><strong>THRON:<\/strong> Die Allheilige Gottesgeb\u00e4rerin &#8211; Unser Herr und Gott und Erl\u00f6ser Jesus Christus &#8211; Der Heilige Johannes der T\u00e4ufer<\/a><\/li>\n<li>Der Heilige Symeon<\/li>\n<li>Der Heilige Panteleimon<\/li>\n<li>Der Heilige Savvas, der Geheiligte<\/li>\n<li><a href=\"https:\/\/www.orthodoxie.at\/gemeinde\/kapelle\/synaxarion\/marina\">Die Heilige Marina<\/a><\/li>\n<li><a href=\"https:\/\/www.orthodoxie.at\/gemeinde\/kapelle\/synaxarion\/irene\">Die Heilige Irini<\/a><\/li>\n<li><strong>im Kirchenschiff West<\/strong><\/li>\n<li><a href=\"https:\/\/www.orthodoxie.at\/gemeinde\/kapelle\/synaxarion\/petrus\">Der Heilige Petrus<\/a><\/li>\n<li><a href=\"https:\/\/www.orthodoxie.at\/gemeinde\/kapelle\/synaxarion\/paulus\">Der Heilige Paulus<\/a><\/li>\n<li><strong>im Narthex<\/strong><\/li>\n<li>Der Heilige Erzengel Gabriel<\/li>\n<li>Der Heilige Erzengel Michael<\/li>\n<li>Der Heilige Stylianos<\/li>\n<li>Die Heilige Barbara<\/li>\n<li>Die Heilige Irini von Chrysovalanto<\/li>\n<li>Die Heilige Paraskevi<\/li>\n<li>Der Heilige Athanasios der Gro\u00dfe<\/li>\n<li>Der Heilige Timotheos<\/li>\n<li>Der Heilige Min\u00e1s<\/li>\n<li><a href=\"https:\/\/www.orthodoxie.at\/gemeinde\/kapelle\/synaxarion\/fanourios\">Der Heilige Fanourios<\/a><\/li>\n<li>Der Heilige Ephraim von Nea Makri<\/li>\n<li>Die Heilige Erentrudis von Salzburg<\/li>\n<li>Die Heilige Theoktisti<\/li>\n<li>Die Heilige Kalliopi<\/li>\n<li>Der Heilige Johannes Rossos<\/li>\n<li>Der Heilige Symeon der Stylit<\/li>\n<li>Der Heilige Prophet Elias<\/li>\n<li>Der Heilige Prophet Jesaja<\/li>\n<li>Der Heilige Zosimos und die Heilige Maria von \u00c4gypten<\/li>\n<\/ul>\n<p><strong>dargestellt in Medaillons<\/strong><\/p>\n<ul>\n<li><strong>im Altarraum Nord<\/strong><\/li>\n<li>Der Heilige Evangelist Markus<\/li>\n<li>Der Heilige Evangelist Matth\u00e4us<\/li>\n<li><strong>im Altarraum S\u00fcd<\/strong><\/li>\n<li>Der Heilige Evangelist Lukas<\/li>\n<li>Der Heilige Evangelist Johannes, der Theologe<\/li>\n<li><strong>im Kirchenraum Nord<\/strong><\/li>\n<li>Der Heilige Therapon, Bischof von Zypern<\/li>\n<li>Der Heilige Savvas von Serbien<\/li>\n<li>Der Heilige Christodoulos von Patmos<\/li>\n<li>Die Heilige Anna<\/li>\n<li>Die Heilige Ekaterina<\/li>\n<li>Die Heilige Sophia<\/li>\n<li>Die Heilige Kyriaki<\/li>\n<li><strong>im Kirchenraum S\u00fcd<\/strong><\/li>\n<li>Der Heilige Spyridon<\/li>\n<li>Der Heilige Porphyrios Kavsokalyvitis<\/li>\n<li>Der Heilige Jakobos Tsalikis<\/li>\n<li>Der Heilige Serafeim von Sarov<\/li>\n<li>Der Heilige Maximos der Bekenner<\/li>\n<li>Die Heilige Xanthipi<\/li>\n<li>Die Heilige Philothei<\/li>\n<li><strong>in der Hauptachse der Decke<\/strong><\/li>\n<li>Der Heilige Apostel Andreas<\/li>\n<li>Der Heilige Martin<\/li>\n<li>Der Heilige Andreas von Kreta<\/li>\n<li>Der Heilige Florian<\/li>\n<li>Der Heilige Methodios<\/li>\n<li>Der Heilige Arsenios<\/li>\n<li>Der Heilige Antonios<\/li>\n<li><strong>im Narthex<\/strong><\/li>\n<\/ul>\n<h2>Theologie ins Bild gebracht<\/h2>\n<ul>\n<li>Hymnos Akathistos<\/li>\n<li>Alles was Odem hat preise den Herrn<\/li>\n<li>Das Gastmahl bei Abraham<\/li>\n<li>Ihr K\u00f6nige der Erde und ihr V\u00f6lker alle, lobt Ihn mit Trommel und Reigentanz<\/li>\n<li><a href=\"https:\/\/www.orthodoxie.at\/gemeinde\/kapelle\/synaxarion\/der-sich-kauert\">Der Sich kauert<\/a><\/li>\n<li>Adam benennt die Tiere im Paradies<\/li>\n<li>Der Weinstock<\/li>\n<li>Die griechischen Weisen<\/li>\n<\/ul>\n","protected":false},"excerpt":{"rendered":"<p>Ikonostase (und Thron) Unser Herr und Gott und Erl\u00f6ser Jesus Christus Die Gottesgeb\u00e4rerin Der heilige Prophet, Vorl\u00e4ufer und T\u00e4ufer Johannes Altar und Prothesis Christus Pantokrator Die Gottesmutter Platytera Akra Tapeinosis Das Heilsgeschehen in Jesus Christus Mari\u00e4 Verk\u00fcndigung Geburt unseres Herrn und Gottes und Erl\u00f6sers Jesus Christus Darstellung des Herrn im Tempel Taufe Jesu Verkl\u00e4rung des &#8230; <\/p>\n<p class=\"read-more-container\"><a title=\"Synaxarion\" class=\"read-more button\" href=\"https:\/\/www.orthodoxie.at\/gemeinde\/kapelle\/synaxarion#more-1309\" aria-label=\"Mehr Informationen \u00fcber Synaxarion\">Weiterlesen &#8230;<\/a><\/p>\n","protected":false},"author":2,"featured_media":0,"parent":202,"menu_order":0,"comment_status":"closed","ping_status":"closed","template":"","meta":{"_crdt_document":"","generate_page_header":"","footnotes":""},"class_list":["post-1309","page","type-page","status-publish"],"amp_enabled":true,"_links":{"self":[{"href":"https:\/\/www.orthodoxie.at\/gemeinde\/wp-json\/wp\/v2\/pages\/1309","targetHints":{"allow":["GET"]}}],"collection":[{"href":"https:\/\/www.orthodoxie.at\/gemeinde\/wp-json\/wp\/v2\/pages"}],"about":[{"href":"https:\/\/www.orthodoxie.at\/gemeinde\/wp-json\/wp\/v2\/types\/page"}],"author":[{"embeddable":true,"href":"https:\/\/www.orthodoxie.at\/gemeinde\/wp-json\/wp\/v2\/users\/2"}],"replies":[{"embeddable":true,"href":"https:\/\/www.orthodoxie.at\/gemeinde\/wp-json\/wp\/v2\/comments?post=1309"}],"version-history":[{"count":25,"href":"https:\/\/www.orthodoxie.at\/gemeinde\/wp-json\/wp\/v2\/pages\/1309\/revisions"}],"predecessor-version":[{"id":1689,"href":"https:\/\/www.orthodoxie.at\/gemeinde\/wp-json\/wp\/v2\/pages\/1309\/revisions\/1689"}],"up":[{"embeddable":true,"href":"https:\/\/www.orthodoxie.at\/gemeinde\/wp-json\/wp\/v2\/pages\/202"}],"wp:attachment":[{"href":"https:\/\/www.orthodoxie.at\/gemeinde\/wp-json\/wp\/v2\/media?parent=1309"}],"curies":[{"name":"wp","href":"https:\/\/api.w.org\/{rel}","templated":true}]}}